{"id":3058,"date":"2019-11-16T16:09:31","date_gmt":"2019-11-16T14:09:31","guid":{"rendered":"http:\/\/www.bodonos.fi\/judo\/?page_id=3058"},"modified":"2025-12-11T15:07:48","modified_gmt":"2025-12-11T13:07:48","slug":"mukaan-toimintaan","status":"publish","type":"page","link":"http:\/\/www.bodonos.fi\/judo\/mukaan-toimintaan\/","title":{"rendered":"Mukaan toimintaan"},"content":{"rendered":"<p>Bodonoksen j\u00e4senin\u00e4 on kilpaurheilijoita, junioreita ja kuntoilijoita. Voimailuseura Bodonos on sitoutunut puhtaaseen urheiluun ja edellytt\u00e4\u00e4 kaikilta j\u00e4senilt\u00e4\u00e4n <a href=\"http:\/\/www.bodonos.fi\/voimailu\/wp-content\/uploads\/2016\/11\/Seuratoimintasopimus-Voimailuseura-Bodonos-ry-2017-alkaen.pdf\">Seuratoimintasopimuksen<\/a>\u00a0hyv\u00e4ksymisen.<\/p>\n<p><a href=\"http:\/\/www.bodonos.fi\/judo\/peruskurssit\/\">HARJOITUSRYHM\u00c4T JA -AJAT<\/a><\/p>\n<p>Seuran budosali sijaitsee osoiteessa Eerontie 1<\/p>\n<p><iframe loading=\"lazy\" style=\"border: 0;\" src=\"https:\/\/www.google.com\/maps\/embed?pb=!1m18!1m12!1m3!1d1970.6292107751774!2d25.098201415612902!3d60.40180183161305!2m3!1f0!2f0!3f0!3m2!1i1024!2i768!4f13.1!3m3!1m2!1s0x469200809886a5a1%3A0x5144c9b4d3995cc3!2sEerontie%201%2C%2004200%20Kerava!5e0!3m2!1sfi!2sfi!4v1573916420795!5m2!1sfi!2sfi\" width=\"400\" height=\"300\" frameborder=\"0\" allowfullscreen=\"allowfullscreen\"><\/iframe><\/p>\n<p class=\"page-title\">\n<p>&nbsp;<\/p>\n","protected":false},"excerpt":{"rendered":"<p>Bodonoksen j\u00e4senin\u00e4 on kilpaurheilijoita, junioreita ja kuntoilijoita. Voimailuseura Bodonos on sitoutunut puhtaaseen urheiluun ja edellytt\u00e4\u00e4 kaikilta j\u00e4senilt\u00e4\u00e4n Seuratoimintasopimuksen\u00a0hyv\u00e4ksymisen. HARJOITUSRYHM\u00c4T JA -AJAT Seuran budosali sijaitsee osoiteessa Eerontie 1 &nbsp;<\/p>\n","protected":false},"author":13,"featured_media":0,"parent":0,"menu_order":0,"comment_status":"closed","ping_status":"closed","template":"","meta":{"_lmt_disableupdate":"no","_lmt_disable":"no","footnotes":""},"class_list":["post-3058","page","type-page","status-publish","hentry"],"_links":{"self":[{"href":"http:\/\/www.bodonos.fi\/judo\/wp-json\/wp\/v2\/pages\/3058","targetHints":{"allow":["GET"]}}],"collection":[{"href":"http:\/\/www.bodonos.fi\/judo\/wp-json\/wp\/v2\/pages"}],"about":[{"href":"http:\/\/www.bodonos.fi\/judo\/wp-json\/wp\/v2\/types\/page"}],"author":[{"embeddable":true,"href":"http:\/\/www.bodonos.fi\/judo\/wp-json\/wp\/v2\/users\/13"}],"replies":[{"embeddable":true,"href":"http:\/\/www.bodonos.fi\/judo\/wp-json\/wp\/v2\/comments?post=3058"}],"version-history":[{"count":5,"href":"http:\/\/www.bodonos.fi\/judo\/wp-json\/wp\/v2\/pages\/3058\/revisions"}],"predecessor-version":[{"id":3674,"href":"http:\/\/www.bodonos.fi\/judo\/wp-json\/wp\/v2\/pages\/3058\/revisions\/3674"}],"wp:attachment":[{"href":"http:\/\/www.bodonos.fi\/judo\/wp-json\/wp\/v2\/media?parent=3058"}],"curies":[{"name":"wp","href":"https:\/\/api.w.org\/{rel}","templated":true}]}}