{"id":3071,"date":"2019-11-16T16:54:47","date_gmt":"2019-11-16T14:54:47","guid":{"rendered":"http:\/\/www.bodonos.fi\/judo\/?page_id=3071"},"modified":"2019-11-16T17:59:32","modified_gmt":"2019-11-16T15:59:32","slug":"yhteydenpito","status":"publish","type":"page","link":"http:\/\/www.bodonos.fi\/judo\/mukaan-toimintaan\/yhteydenpito\/","title":{"rendered":"Yhteydenpito"},"content":{"rendered":"<p>Seuralla on suljettu <a href=\"https:\/\/www.facebook.com\/groups\/BodonosJudo\/\">Facebook -ryhm\u00e4<\/a> judojaoksen sis\u00e4isist\u00e4 asioista tiedottamiseen. Liity mukaan niin pysyt mukana miss\u00e4 menn\u00e4\u00e4n!<\/p>\n<p>Huoltajien tavoittamiseen ja esim. viimehetken muutoksista tiedottamiseen on perustettu harjoitusryhm\u00e4kohtaiset WhatsApp ryhm\u00e4t. Harjoitusryhmien vet\u00e4j\u00e4t lis\u00e4\u00e4v\u00e4t pyynn\u00f6st\u00e4 huoltajat mukaan oman harjoitusryhm\u00e4ns\u00e4 WhatsApp ryhm\u00e4\u00e4n.<\/p>\n<p>Instragramissa viestit\u00e4\u00e4n mm. kisamenestyksest\u00e4 sek\u00e4 leirikuulumisista. L\u00f6yd\u00e4t seuran tilin nimell\u00e4 #bodonosjudoteam tai suoraan <a href=\"https:\/\/www.instagram.com\/explore\/tags\/bodonosjudoteam\/\">linkill\u00e4<\/a><\/p>\n<p>Seuran avoimilla <a href=\"https:\/\/www.facebook.com\/bodonos\/\">Facebook -sivuilla<\/a> tiedotetaan seuran toiminnasta ja tapahtumista niin j\u00e4senille kuin toisille judoseuroille sek\u00e4 muille lajista ja toiminnasta kiinnostuneille k\u00e4vij\u00f6ille.<\/p>\n","protected":false},"excerpt":{"rendered":"<p>Seuralla on suljettu Facebook -ryhm\u00e4 judojaoksen sis\u00e4isist\u00e4 asioista tiedottamiseen. Liity mukaan niin pysyt mukana miss\u00e4 menn\u00e4\u00e4n! Huoltajien tavoittamiseen ja esim. viimehetken muutoksista tiedottamiseen on perustettu harjoitusryhm\u00e4kohtaiset WhatsApp ryhm\u00e4t. Harjoitusryhmien vet\u00e4j\u00e4t lis\u00e4\u00e4v\u00e4t pyynn\u00f6st\u00e4 huoltajat mukaan oman harjoitusryhm\u00e4ns\u00e4 WhatsApp ryhm\u00e4\u00e4n. Instragramissa viestit\u00e4\u00e4n mm. kisamenestyksest\u00e4 sek\u00e4 leirikuulumisista. L\u00f6yd\u00e4t seuran tilin nimell\u00e4 #bodonosjudoteam tai suoraan linkill\u00e4 Seuran avoimilla Facebook&#8230;<\/p>\n","protected":false},"author":13,"featured_media":0,"parent":3058,"menu_order":0,"comment_status":"closed","ping_status":"closed","template":"","meta":{"_lmt_disableupdate":"","_lmt_disable":"","footnotes":""},"class_list":["post-3071","page","type-page","status-publish","hentry"],"_links":{"self":[{"href":"http:\/\/www.bodonos.fi\/judo\/wp-json\/wp\/v2\/pages\/3071","targetHints":{"allow":["GET"]}}],"collection":[{"href":"http:\/\/www.bodonos.fi\/judo\/wp-json\/wp\/v2\/pages"}],"about":[{"href":"http:\/\/www.bodonos.fi\/judo\/wp-json\/wp\/v2\/types\/page"}],"author":[{"embeddable":true,"href":"http:\/\/www.bodonos.fi\/judo\/wp-json\/wp\/v2\/users\/13"}],"replies":[{"embeddable":true,"href":"http:\/\/www.bodonos.fi\/judo\/wp-json\/wp\/v2\/comments?post=3071"}],"version-history":[{"count":3,"href":"http:\/\/www.bodonos.fi\/judo\/wp-json\/wp\/v2\/pages\/3071\/revisions"}],"predecessor-version":[{"id":3080,"href":"http:\/\/www.bodonos.fi\/judo\/wp-json\/wp\/v2\/pages\/3071\/revisions\/3080"}],"up":[{"embeddable":true,"href":"http:\/\/www.bodonos.fi\/judo\/wp-json\/wp\/v2\/pages\/3058"}],"wp:attachment":[{"href":"http:\/\/www.bodonos.fi\/judo\/wp-json\/wp\/v2\/media?parent=3071"}],"curies":[{"name":"wp","href":"https:\/\/api.w.org\/{rel}","templated":true}]}}