{"id":3259,"date":"2021-09-08T16:49:30","date_gmt":"2021-09-08T14:49:30","guid":{"rendered":"http:\/\/www.bodonos.fi\/judo\/?page_id=3259"},"modified":"2025-12-11T14:45:54","modified_gmt":"2025-12-11T12:45:54","slug":"liity-jaseneksi","status":"publish","type":"page","link":"http:\/\/www.bodonos.fi\/judo\/mukaan-toimintaan\/liity-jaseneksi\/","title":{"rendered":"J\u00e4senmaksu"},"content":{"rendered":"<p>Seuramme harjoituksiin osallistuminen edellytt\u00e4\u00e4 j\u00e4senmaksun maksamisen ja Judoliiton lisenssin hankkimisen. Harjoitusmaksun maksaminen oikeuttaa osallistumaan kaikkiin ik\u00e4ryhm\u00e4n harjoituksiin. Lajia saa kokeilla 2 viikon ajan veloituksetta.<\/p>\n<p>&nbsp;<\/p>\n<p><strong>J\u00e4senmaksut kaudelle 2025-2026<\/strong><\/p>\n<table style=\"border-collapse: collapse; width: 100%;\">\n<tbody>\n<tr>\n<td style=\"width: 33.3333%;\"><\/td>\n<td style=\"width: 33.3333%;\">Syyskausi<\/td>\n<td style=\"width: 33.3333%;\">Kev\u00e4tkausi<\/td>\n<\/tr>\n<tr>\n<td style=\"width: 33.3333%;\">Muksut (alle 7v)<\/td>\n<td style=\"width: 33.3333%;\">Tauolla<\/td>\n<td style=\"width: 33.3333%;\">Tauolla<\/td>\n<\/tr>\n<tr>\n<td style=\"width: 33.3333%;\">Juniorit (7-18v)<\/td>\n<td style=\"width: 33.3333%;\">80\u20ac<\/td>\n<td style=\"width: 33.3333%;\">100\u20ac<\/td>\n<\/tr>\n<tr>\n<td style=\"width: 33.3333%;\">Aikuiset (yli 18v)<\/td>\n<td style=\"width: 33.3333%;\">80\u20ac<\/td>\n<td style=\"width: 33.3333%;\">100\u20ac<\/td>\n<\/tr>\n<\/tbody>\n<\/table>\n<p>&nbsp;<\/p>\n<p><strong>J\u00e4senmaksun maksaminen<\/strong><\/p>\n<p>Seuramme k\u00e4ytt\u00e4\u00e4 SuomiSport palvelua. SuomiSport toimii puhelimella tai tietokoneella, mutta mik\u00e4li puhelimella k\u00e4ytt\u00e4ess\u00e4 on ongelmia, kokeile tietokoneella. N\u00e4in maksat j\u00e4senmaksun.<\/p>\n<p>&nbsp;<\/p>\n<p><strong>1. Ilmoittaudu j\u00e4seneksi alla olevista linkeist\u00e4.<\/strong><\/p>\n<p>Jos et saa vahvistusta vuorokaudessa, ota yhteytt\u00e4 sihteeri.bodonos[at]gmail.com<\/p>\n<p>J\u00e4seneksi ilmoittautuminen tarkoittaa, ett\u00e4 sitoudut noudattamaan <a href=\"https:\/\/www.bodonos.fi\/judo\/mukaan-toimintaan\/saannot\/\">seuran s\u00e4\u00e4nt\u00f6j\u00e4.<\/a><\/p>\n<p><a href=\"https:\/\/seurat.suomisport.fi\/invite\/8c21473a-5f8c-4972-8734-2fe3ad9d8749\">Muksut (6-7v)<\/a><\/p>\n<p><a href=\"https:\/\/seurat.suomisport.fi\/invite\/32703714-9cd9-46a5-b8ee-8017a6a3b918\">Juniorit (7-18v)<\/a><\/p>\n<p><a href=\"https:\/\/seurat.suomisport.fi\/invite\/fcf90361-0af5-4a9c-8e0e-9300ba6d66ef\">Aikuiset (yli 18v)<\/a><\/p>\n<p>&nbsp;<\/p>\n<p><strong>2. Seuraavaksi tarvitset Judoliiton lisenssin.<\/strong><\/p>\n<p>Lisenssi oikeuttaa seuran harjoitusten lis\u00e4ksi osallistumaan kaikkeen judoliiton toimintaa, kuten harjoituksiin, kilpailuihin, leireille ja vy\u00f6kokeisiin. Lisenssi sis\u00e4lt\u00e4\u00e4 Pohjolan Sporttiturva-vakuutuksen. <a href=\"https:\/\/www.judoliitto.fi\/judoliitto\/vakuutusturva\/\">Lue lis\u00e4\u00e4 vakuutuksesta.<\/a>\u00a0 Lisenssin hankkiminen on pakollista, vaikka olisi oma tapaturmavakuutus. Se ostetaan SuomiSportista:<br \/>\n&#8211; Kirjaudu sis\u00e4\u00e4n SuomiSportiin<br \/>\n&#8211; Valitse profiilistasi &#8221;Haluatko ostaa lisenssin tai vakuutuksetn&#8221; -&gt; Ostamaan<\/p>\n<p><img loading=\"lazy\" decoding=\"async\" class=\"alignnone size-medium wp-image-3300\" src=\"http:\/\/www.bodonos.fi\/judo\/wp-content\/uploads\/2021\/10\/lisenssi-1-288x300.png\" alt=\"\" width=\"288\" height=\"300\" srcset=\"http:\/\/www.bodonos.fi\/judo\/wp-content\/uploads\/2021\/10\/lisenssi-1-288x300.png 288w, http:\/\/www.bodonos.fi\/judo\/wp-content\/uploads\/2021\/10\/lisenssi-1.png 450w\" sizes=\"auto, (max-width: 288px) 100vw, 288px\" \/><br \/>\n&#8211; Valitse ostatko lisenssin itsellesi vai lapsellesi<br \/>\n&#8211; Valitse &#8221;Ostamaan liiton j\u00e4senyystuotteita&#8221;<br \/>\n&#8211; T\u00e4yt\u00e4 &#8221;Hae Lajiasi&#8221; kohtaan &#8221;judo&#8221; ja valitse &#8221;Judo Suomen Judoliitto&#8221;<\/p>\n<p><img loading=\"lazy\" decoding=\"async\" class=\"alignnone size-medium wp-image-3303\" src=\"http:\/\/www.bodonos.fi\/judo\/wp-content\/uploads\/2021\/10\/lisenssi-2-300x168.png\" alt=\"\" width=\"300\" height=\"168\" srcset=\"http:\/\/www.bodonos.fi\/judo\/wp-content\/uploads\/2021\/10\/lisenssi-2-300x168.png 300w, http:\/\/www.bodonos.fi\/judo\/wp-content\/uploads\/2021\/10\/lisenssi-2.png 761w\" sizes=\"auto, (max-width: 300px) 100vw, 300px\" \/><br \/>\n&#8211; Valitse seuraksi &#8221;Voimailuseura Bodonos, Kerava.&#8221; Jos haluat Pohjolan Sporttiturva-vakuutukseen erillisen lis\u00e4vakuutuksen, voit hankkie san samalla. Huomaa, ett\u00e4 sivulla lukeva &#8221;Ei vakuutusta&#8221; tarkoittaa vain lis\u00e4vakuutusta, perusvakuutus kuuluu lisenssiin.<\/p>\n<p><img loading=\"lazy\" decoding=\"async\" class=\"alignnone size-medium wp-image-3302\" src=\"http:\/\/www.bodonos.fi\/judo\/wp-content\/uploads\/2021\/10\/lisenssi-3-300x168.png\" alt=\"\" width=\"300\" height=\"168\" srcset=\"http:\/\/www.bodonos.fi\/judo\/wp-content\/uploads\/2021\/10\/lisenssi-3-300x168.png 300w, http:\/\/www.bodonos.fi\/judo\/wp-content\/uploads\/2021\/10\/lisenssi-3-1024x575.png 1024w, http:\/\/www.bodonos.fi\/judo\/wp-content\/uploads\/2021\/10\/lisenssi-3-768x431.png 768w, http:\/\/www.bodonos.fi\/judo\/wp-content\/uploads\/2021\/10\/lisenssi-3.png 1079w\" sizes=\"auto, (max-width: 300px) 100vw, 300px\" \/><br \/>\n&#8211; Valitse maksutapa ja suorita maksu. Kun lisenssi on hankittu, se tulee n\u00e4kyviin SuomiSport profiiliisi etusivulle.<\/p>\n<p><strong>3. Maksa seuran j\u00e4sen- ja harjoitusmaksut.<\/strong><br \/>\n&#8211; Kirjaudu sis\u00e4\u00e4n SuomiSportiin<br \/>\n&#8211; Valitse profiilisi etusivun yl\u00e4reunasta &#8221;Maksut&#8221;<br \/>\n&#8211; Sinulle tulee n\u00e4kyviin lista vaihtoehdoista, joita voit ostaa. Klikkaamalla maksuluokkaa saat esiin tarkemmat tiedot. Aikuisille on my\u00f6s vaihtoehtona erillinen &#8221;Judo J\u00e4senmaksu&#8221; joka ei oikeuta harjoituksiin ja on tarkoitettu vain seuran toimihenkil\u00f6ille.<\/p>\n<p><img loading=\"lazy\" decoding=\"async\" class=\"alignnone size-medium wp-image-3301\" src=\"http:\/\/www.bodonos.fi\/judo\/wp-content\/uploads\/2021\/10\/lisenssi-4-300x176.png\" alt=\"\" width=\"300\" height=\"176\" srcset=\"http:\/\/www.bodonos.fi\/judo\/wp-content\/uploads\/2021\/10\/lisenssi-4-300x176.png 300w, http:\/\/www.bodonos.fi\/judo\/wp-content\/uploads\/2021\/10\/lisenssi-4-1024x600.png 1024w, http:\/\/www.bodonos.fi\/judo\/wp-content\/uploads\/2021\/10\/lisenssi-4-768x450.png 768w, http:\/\/www.bodonos.fi\/judo\/wp-content\/uploads\/2021\/10\/lisenssi-4.png 1119w\" sizes=\"auto, (max-width: 300px) 100vw, 300px\" \/><\/p>\n<p>&#8211; Valitse maksutapa ja suorita maksu. Suoritettu maksu tulee n\u00e4kyviin &#8221;Maksut&#8221; alalehdelle kohtaan &#8221;Maksetut&#8221;.<\/p>\n<p>&nbsp;<\/p>\n<p>Homma hoidettu! Tervetuloa harjoittelemaan.<\/p>\n<p>&nbsp;<\/p>\n","protected":false},"excerpt":{"rendered":"<p>Seuramme harjoituksiin osallistuminen edellytt\u00e4\u00e4 j\u00e4senmaksun maksamisen ja Judoliiton lisenssin hankkimisen. Harjoitusmaksun maksaminen oikeuttaa osallistumaan kaikkiin ik\u00e4ryhm\u00e4n harjoituksiin. Lajia saa kokeilla 2 viikon ajan veloituksetta. &nbsp; J\u00e4senmaksut kaudelle 2025-2026 Syyskausi Kev\u00e4tkausi Muksut (alle 7v) Tauolla Tauolla Juniorit (7-18v) 80\u20ac 100\u20ac Aikuiset (yli 18v) 80\u20ac 100\u20ac &nbsp; J\u00e4senmaksun maksaminen Seuramme k\u00e4ytt\u00e4\u00e4 SuomiSport palvelua. SuomiSport toimii puhelimella tai&#8230;<\/p>\n","protected":false},"author":11,"featured_media":0,"parent":3058,"menu_order":0,"comment_status":"closed","ping_status":"closed","template":"","meta":{"_lmt_disableupdate":"no","_lmt_disable":"no","footnotes":""},"class_list":["post-3259","page","type-page","status-publish","hentry"],"_links":{"self":[{"href":"http:\/\/www.bodonos.fi\/judo\/wp-json\/wp\/v2\/pages\/3259","targetHints":{"allow":["GET"]}}],"collection":[{"href":"http:\/\/www.bodonos.fi\/judo\/wp-json\/wp\/v2\/pages"}],"about":[{"href":"http:\/\/www.bodonos.fi\/judo\/wp-json\/wp\/v2\/types\/page"}],"author":[{"embeddable":true,"href":"http:\/\/www.bodonos.fi\/judo\/wp-json\/wp\/v2\/users\/11"}],"replies":[{"embeddable":true,"href":"http:\/\/www.bodonos.fi\/judo\/wp-json\/wp\/v2\/comments?post=3259"}],"version-history":[{"count":18,"href":"http:\/\/www.bodonos.fi\/judo\/wp-json\/wp\/v2\/pages\/3259\/revisions"}],"predecessor-version":[{"id":3665,"href":"http:\/\/www.bodonos.fi\/judo\/wp-json\/wp\/v2\/pages\/3259\/revisions\/3665"}],"up":[{"embeddable":true,"href":"http:\/\/www.bodonos.fi\/judo\/wp-json\/wp\/v2\/pages\/3058"}],"wp:attachment":[{"href":"http:\/\/www.bodonos.fi\/judo\/wp-json\/wp\/v2\/media?parent=3259"}],"curies":[{"name":"wp","href":"https:\/\/api.w.org\/{rel}","templated":true}]}}