{"id":3551,"date":"2025-04-14T12:06:35","date_gmt":"2025-04-14T10:06:35","guid":{"rendered":"https:\/\/www.bodonos.fi\/judo\/?page_id=3551"},"modified":"2025-04-16T13:12:18","modified_gmt":"2025-04-16T11:12:18","slug":"bodonos-puoti","status":"publish","type":"page","link":"http:\/\/www.bodonos.fi\/judo\/bodonos-puoti\/","title":{"rendered":"Bodonos-puoti"},"content":{"rendered":"<p style=\"text-align: center;\"><span style=\"text-decoration: underline;\"><a href=\"https:\/\/www.tyovaatemyynti.fi\/category\/9256\/bodonos-judojaosto\"><span style=\"font-size: 18pt;\">Suoraan puotiin!<\/span><\/a><\/span><\/p>\n<p>&nbsp;<\/p>\n<p>&nbsp;<\/p>\n<p><a href=\"https:\/\/www.tyovaatemyynti.fi\/category\/9256\/bodonos-judojaosto\"><img loading=\"lazy\" decoding=\"async\" class=\"wp-image-3583 size-large aligncenter\" src=\"http:\/\/www.bodonos.fi\/judo\/wp-content\/uploads\/2025\/04\/Vedos-2-Bodonos-Judo_page-0001-1024x724.jpg\" alt=\"\" width=\"640\" height=\"453\" srcset=\"http:\/\/www.bodonos.fi\/judo\/wp-content\/uploads\/2025\/04\/Vedos-2-Bodonos-Judo_page-0001-1024x724.jpg 1024w, http:\/\/www.bodonos.fi\/judo\/wp-content\/uploads\/2025\/04\/Vedos-2-Bodonos-Judo_page-0001-300x212.jpg 300w, http:\/\/www.bodonos.fi\/judo\/wp-content\/uploads\/2025\/04\/Vedos-2-Bodonos-Judo_page-0001-768x543.jpg 768w, http:\/\/www.bodonos.fi\/judo\/wp-content\/uploads\/2025\/04\/Vedos-2-Bodonos-Judo_page-0001-1536x1086.jpg 1536w, http:\/\/www.bodonos.fi\/judo\/wp-content\/uploads\/2025\/04\/Vedos-2-Bodonos-Judo_page-0001-2048x1448.jpg 2048w\" sizes=\"auto, (max-width: 640px) 100vw, 640px\" \/><\/a><\/p>\n<p>&nbsp;<\/p>\n<p>Edusta seuraa n\u00e4ytt\u00e4v\u00e4sti kisoissa ja tapahtumissa, ulkoillessa tai vaikka vaan koulun liikkatunnilla. Bodonos-seuratekstiilit yhteisty\u00f6ss\u00e4 Promeetta Oy Ty\u00f6vaatemyynnin kautta, koska judon treenaaminen on kovaa ty\u00f6t\u00e4! Valikoimaan on valittu yksinkertaisia perusvaatteita, kuten t-paitoja ja huppareita seuran v\u00e4reill\u00e4 ja logoilla.<\/p>\n<p>&nbsp;<\/p>\n<p>T-paidoissa pieni tekstilogo edess\u00e4 ja iso sel\u00e4ss\u00e4, saatavilla puuvillaisena tai teknisen\u00e4. Hupparissa on rinnassa Bodonoksen judon alkuper\u00e4inen logo vuodelta 1971, mutta tuotuna nykyp\u00e4iv\u00e4\u00e4n. Jos haluat brodeerauttaa logon judopuvun rintaan (sallittu 1\/puku vasemmalla rinnan p\u00e4\u00e4ll\u00e4, samassa kohdassa kun huppareissakin) t\u00e4m\u00e4 onnistuu my\u00f6s erillisell\u00e4 tilauksella samalta sivustolta.<\/p>\n<p>&nbsp;<\/p>\n<p><img loading=\"lazy\" decoding=\"async\" class=\"size-medium wp-image-3559 aligncenter\" src=\"http:\/\/www.bodonos.fi\/judo\/wp-content\/uploads\/2025\/04\/rintalogo-01-300x300.png\" alt=\"\" width=\"300\" height=\"300\" srcset=\"http:\/\/www.bodonos.fi\/judo\/wp-content\/uploads\/2025\/04\/rintalogo-01-300x300.png 300w, http:\/\/www.bodonos.fi\/judo\/wp-content\/uploads\/2025\/04\/rintalogo-01-150x150.png 150w, http:\/\/www.bodonos.fi\/judo\/wp-content\/uploads\/2025\/04\/rintalogo-01.png 600w\" sizes=\"auto, (max-width: 300px) 100vw, 300px\" \/><\/p>\n<p>&nbsp;<\/p>\n<p>Muista tarkistaa oikea koko taulukosta. Testikappaleiden perusteella t-paitojen pituudet pit\u00e4v\u00e4t hyvin paikkansa mutta hupparit saattaa olla mukavampi pyk\u00e4l\u00e4\u00e4 isompana kokona. Salilla mallikappaleet ihasteltaviksi.<\/p>\n<p>&nbsp;<\/p>\n<p><a href=\"https:\/\/www.tyovaatemyynti.fi\/category\/9256\/bodonos-judojaosto\"><img loading=\"lazy\" decoding=\"async\" class=\"alignnone wp-image-3549 size-medium\" src=\"http:\/\/www.bodonos.fi\/judo\/wp-content\/uploads\/2025\/04\/Tyovaatemyynti_PerusL_page-00011-300x63.jpg\" alt=\"\" width=\"300\" height=\"63\" srcset=\"http:\/\/www.bodonos.fi\/judo\/wp-content\/uploads\/2025\/04\/Tyovaatemyynti_PerusL_page-00011-300x63.jpg 300w, http:\/\/www.bodonos.fi\/judo\/wp-content\/uploads\/2025\/04\/Tyovaatemyynti_PerusL_page-00011-1024x216.jpg 1024w, http:\/\/www.bodonos.fi\/judo\/wp-content\/uploads\/2025\/04\/Tyovaatemyynti_PerusL_page-00011-768x162.jpg 768w, http:\/\/www.bodonos.fi\/judo\/wp-content\/uploads\/2025\/04\/Tyovaatemyynti_PerusL_page-00011.jpg 1301w\" sizes=\"auto, (max-width: 300px) 100vw, 300px\" \/><\/a><\/p>\n","protected":false},"excerpt":{"rendered":"<p>Suoraan puotiin! &nbsp; &nbsp; &nbsp; Edusta seuraa n\u00e4ytt\u00e4v\u00e4sti kisoissa ja tapahtumissa, ulkoillessa tai vaikka vaan koulun liikkatunnilla. Bodonos-seuratekstiilit yhteisty\u00f6ss\u00e4 Promeetta Oy Ty\u00f6vaatemyynnin kautta, koska judon treenaaminen on kovaa ty\u00f6t\u00e4! Valikoimaan on valittu yksinkertaisia perusvaatteita, kuten t-paitoja ja huppareita seuran v\u00e4reill\u00e4 ja logoilla. &nbsp; T-paidoissa pieni tekstilogo edess\u00e4 ja iso sel\u00e4ss\u00e4, saatavilla puuvillaisena tai teknisen\u00e4. Hupparissa&#8230;<\/p>\n","protected":false},"author":9,"featured_media":0,"parent":0,"menu_order":0,"comment_status":"closed","ping_status":"closed","template":"","meta":{"_lmt_disableupdate":"no","_lmt_disable":"no","footnotes":""},"class_list":["post-3551","page","type-page","status-publish","hentry"],"_links":{"self":[{"href":"http:\/\/www.bodonos.fi\/judo\/wp-json\/wp\/v2\/pages\/3551","targetHints":{"allow":["GET"]}}],"collection":[{"href":"http:\/\/www.bodonos.fi\/judo\/wp-json\/wp\/v2\/pages"}],"about":[{"href":"http:\/\/www.bodonos.fi\/judo\/wp-json\/wp\/v2\/types\/page"}],"author":[{"embeddable":true,"href":"http:\/\/www.bodonos.fi\/judo\/wp-json\/wp\/v2\/users\/9"}],"replies":[{"embeddable":true,"href":"http:\/\/www.bodonos.fi\/judo\/wp-json\/wp\/v2\/comments?post=3551"}],"version-history":[{"count":21,"href":"http:\/\/www.bodonos.fi\/judo\/wp-json\/wp\/v2\/pages\/3551\/revisions"}],"predecessor-version":[{"id":3581,"href":"http:\/\/www.bodonos.fi\/judo\/wp-json\/wp\/v2\/pages\/3551\/revisions\/3581"}],"wp:attachment":[{"href":"http:\/\/www.bodonos.fi\/judo\/wp-json\/wp\/v2\/media?parent=3551"}],"curies":[{"name":"wp","href":"https:\/\/api.w.org\/{rel}","templated":true}]}}