{"id":3585,"date":"2025-04-16T13:07:18","date_gmt":"2025-04-16T11:07:18","guid":{"rendered":"https:\/\/www.bodonos.fi\/judo\/?page_id=3585"},"modified":"2026-02-02T14:38:40","modified_gmt":"2026-02-02T12:38:40","slug":"saannot","status":"publish","type":"page","link":"http:\/\/www.bodonos.fi\/judo\/mukaan-toimintaan\/saannot\/","title":{"rendered":"S\u00e4\u00e4nn\u00f6t"},"content":{"rendered":"<p>Yhdistyksen s\u00e4\u00e4nn\u00f6t ja ohjeet<\/p>\n<p><a href=\"http:\/\/www.bodonos.fi\/judo\/wp-content\/uploads\/2026\/01\/Bodonos-saannot.pdf\">Voimailuseura Bodonos ry:n s\u00e4\u00e4nn\u00f6t<\/a><\/p>\n<p><a href=\"http:\/\/www.bodonos.fi\/judo\/wp-content\/uploads\/2026\/02\/Bodonos-tietosuojaseloste.pdf\">Rekisteriseloste<\/a><\/p>\n<p>Eettiset ohjeet &#8211; tulossa<\/p>\n<p><a href=\"https:\/\/www.bodonos.fi\/judo\/junnujen-saannot\/\">Junnujen Samurai-s\u00e4\u00e4nn\u00f6t<\/a><\/p>\n<p>Voimailuseura Bodonos ry. on Suomen Judoliiton j\u00e4sen ja kaikki judojaoksen j\u00e4senet sitoutuvat noudattamaan <a href=\"https:\/\/judo.fi\/\">Suomen Judoliiton<\/a> ja <a href=\"https:\/\/suek.fi\/\">Suomen Urheilun Eettisen Keskuksen (SUEK)<\/a> s\u00e4\u00e4nt\u00f6j\u00e4.<\/p>\n","protected":false},"excerpt":{"rendered":"<p>Yhdistyksen s\u00e4\u00e4nn\u00f6t ja ohjeet Voimailuseura Bodonos ry:n s\u00e4\u00e4nn\u00f6t Rekisteriseloste Eettiset ohjeet &#8211; tulossa Junnujen Samurai-s\u00e4\u00e4nn\u00f6t Voimailuseura Bodonos ry. on Suomen Judoliiton j\u00e4sen ja kaikki judojaoksen j\u00e4senet sitoutuvat noudattamaan Suomen Judoliiton ja Suomen Urheilun Eettisen Keskuksen (SUEK) s\u00e4\u00e4nt\u00f6j\u00e4.<\/p>\n","protected":false},"author":9,"featured_media":0,"parent":3058,"menu_order":0,"comment_status":"closed","ping_status":"closed","template":"","meta":{"_lmt_disableupdate":"no","_lmt_disable":"no","footnotes":""},"class_list":["post-3585","page","type-page","status-publish","hentry"],"_links":{"self":[{"href":"http:\/\/www.bodonos.fi\/judo\/wp-json\/wp\/v2\/pages\/3585","targetHints":{"allow":["GET"]}}],"collection":[{"href":"http:\/\/www.bodonos.fi\/judo\/wp-json\/wp\/v2\/pages"}],"about":[{"href":"http:\/\/www.bodonos.fi\/judo\/wp-json\/wp\/v2\/types\/page"}],"author":[{"embeddable":true,"href":"http:\/\/www.bodonos.fi\/judo\/wp-json\/wp\/v2\/users\/9"}],"replies":[{"embeddable":true,"href":"http:\/\/www.bodonos.fi\/judo\/wp-json\/wp\/v2\/comments?post=3585"}],"version-history":[{"count":10,"href":"http:\/\/www.bodonos.fi\/judo\/wp-json\/wp\/v2\/pages\/3585\/revisions"}],"predecessor-version":[{"id":3698,"href":"http:\/\/www.bodonos.fi\/judo\/wp-json\/wp\/v2\/pages\/3585\/revisions\/3698"}],"up":[{"embeddable":true,"href":"http:\/\/www.bodonos.fi\/judo\/wp-json\/wp\/v2\/pages\/3058"}],"wp:attachment":[{"href":"http:\/\/www.bodonos.fi\/judo\/wp-json\/wp\/v2\/media?parent=3585"}],"curies":[{"name":"wp","href":"https:\/\/api.w.org\/{rel}","templated":true}]}}