{"id":176,"date":"2019-08-31T20:00:02","date_gmt":"2019-08-31T18:00:02","guid":{"rendered":"http:\/\/www.bodonos.fi\/judo\/?page_id=176"},"modified":"2026-01-12T15:03:08","modified_gmt":"2026-01-12T13:03:08","slug":"harjoitusryhmat","status":"publish","type":"page","link":"https:\/\/www.bodonos.fi\/judo\/harjoitusryhmat\/","title":{"rendered":"Harjoitusryhm\u00e4t ja -ajat"},"content":{"rendered":"<p>Harjoitusajat 8.1.2026 alkaen<\/p>\n<ul>\n<li>Junioreiden peruskurssi ti ja pe 17-18<\/li>\n<li>UUSI: Junioreiden peruskurssi newaza to 17-18 (ALKAA 26.2.)<\/li>\n<li>Juniorien yleinen ryhm\u00e4 ti ja pe klo 17-18<\/li>\n<li>UUSI: Junioreiden yleinen ryhm\u00e4 newaza to 17-18 (ALKAA 26.2.)<\/li>\n<li>Jatkojuniorit eli kisaryhm\u00e4 pe klo 18-19<\/li>\n<li>UUSI: Junioreiden kisaryhm\u00e4 ma 19:30-21 ja newaza to 18-19<\/li>\n<li>Aikuiset yleinen ryhm\u00e4 ti ja pe 18-19:30<\/li>\n<li>UUSI: Aikuiset kuntojudo ma 19:30-21 ja newaza to 18-19<\/li>\n<li>Kata su 9-10 (Sovitaan erikseen)<\/li>\n<\/ul>\n<p>&nbsp;<\/p>\n<table style=\"border-collapse: collapse; width: 100%;\">\n<tbody>\n<tr>\n<td style=\"width: 33.3333%;\">Maanantai<\/td>\n<td style=\"width: 33.3333%;\">Aikuiset &#8211; kuntojudo<\/p>\n<p>Juniorit &#8211; kisaryhm\u00e4<\/td>\n<td style=\"width: 33.3333%;\">19:30-21:00<\/td>\n<\/tr>\n<tr>\n<td style=\"width: 33.3333%;\">Tiistai<\/td>\n<td style=\"width: 33.3333%;\">Juniorit &#8211; yleinen ryhm\u00e4<\/p>\n<p>Aikuiset &#8211; yleinen ryhm\u00e4<\/td>\n<td style=\"width: 33.3333%;\">17-18<\/p>\n<p>18-19:30<\/td>\n<\/tr>\n<tr>\n<td style=\"width: 33.3333%;\">Keskiviikko<\/td>\n<td style=\"width: 33.3333%;\"><\/td>\n<td style=\"width: 33.3333%;\"><\/td>\n<\/tr>\n<tr>\n<td style=\"width: 33.3333%;\">Torstai<\/td>\n<td style=\"width: 33.3333%;\">Juniorit &#8211; yleinen ryhm\u00e4 newaza<\/p>\n<p>Aikuiset &#8211; kuntojudo newaza<\/p>\n<p>Juniorit &#8211; kisaryhm\u00e4 newaza<\/td>\n<td style=\"width: 33.3333%;\">17-18 (ALKAA 26.2.)<\/p>\n<p>18-19<\/p>\n<p>18-19<\/td>\n<\/tr>\n<tr>\n<td style=\"width: 33.3333%;\">Perjantai<\/td>\n<td style=\"width: 33.3333%;\">Juniorit &#8211; yleinen ryhm\u00e4<\/p>\n<p>Aikuiset &#8211; yleinen ryhm\u00e4<\/p>\n<p>Juniorit &#8211; kisaryhm\u00e4<\/td>\n<td style=\"width: 33.3333%;\">17-18<\/p>\n<p>18-19:30<\/p>\n<p>18-19<\/td>\n<\/tr>\n<tr>\n<td style=\"width: 33.3333%;\">Lauantai<\/td>\n<td style=\"width: 33.3333%;\"><\/td>\n<td style=\"width: 33.3333%;\"><\/td>\n<\/tr>\n<tr>\n<td style=\"width: 33.3333%;\">Sunnuntai<\/td>\n<td style=\"width: 33.3333%;\">Kata<\/td>\n<td style=\"width: 33.3333%;\">9-10 (sovitaan aina erikseen)<\/td>\n<\/tr>\n<\/tbody>\n<\/table>\n<p>&nbsp;<\/p>\n<p><strong>HARJOITUSRYHM\u00c4T<\/strong><\/p>\n<ul>\n<li>Muksujudo\u00a0 (Tauolla toistaiseksi)<\/li>\n<li><a href=\"http:\/\/www.bodonos.fi\/judo\/peruskurssit\/junioreiden-peruskurssi\/\">Junioreiden peruskurssi<\/a><\/li>\n<li><a href=\"http:\/\/www.bodonos.fi\/judo\/peruskurssit\/jatkojuniorit\/\">Jatkojuniorit<\/a><\/li>\n<li><a href=\"https:\/\/www.bodonos.fi\/judo\/harjoitusryhmat\/kisajuniorit\/\">Kisajuniorit<\/a><\/li>\n<li><a href=\"http:\/\/www.bodonos.fi\/judo\/peruskurssit\/aikuisten-peruskurssi-kuntojudo\/\">Aikuiset (kuntojudo, peruskurssi ja kata)<\/a><\/li>\n<\/ul>\n<p>&nbsp;<\/p>\n<p>#suomenvahvinjudoseura<\/p>\n<p>Lis\u00e4tietoja:<br \/>\nKysymykset ja ilmottautumiset: sihteeri.bodonos@gmail.com<br \/>\n*********************************<\/p>\n","protected":false},"excerpt":{"rendered":"<p>Harjoitusajat 8.1.2026 alkaen Junioreiden peruskurssi ti ja pe 17-18 UUSI: Junioreiden peruskurssi newaza to 17-18 (ALKAA 26.2.) Juniorien yleinen ryhm\u00e4 ti ja pe klo 17-18 UUSI: Junioreiden yleinen ryhm\u00e4 newaza to 17-18 (ALKAA 26.2.) Jatkojuniorit eli kisaryhm\u00e4 pe klo 18-19 UUSI: Junioreiden kisaryhm\u00e4 ma 19:30-21 ja newaza to 18-19 Aikuiset yleinen ryhm\u00e4 ti ja pe&#8230;<\/p>\n","protected":false},"author":9,"featured_media":0,"parent":0,"menu_order":0,"comment_status":"closed","ping_status":"closed","template":"","meta":{"_lmt_disableupdate":"no","_lmt_disable":"no","footnotes":""},"class_list":["post-176","page","type-page","status-publish","hentry"],"_links":{"self":[{"href":"https:\/\/www.bodonos.fi\/judo\/wp-json\/wp\/v2\/pages\/176","targetHints":{"allow":["GET"]}}],"collection":[{"href":"https:\/\/www.bodonos.fi\/judo\/wp-json\/wp\/v2\/pages"}],"about":[{"href":"https:\/\/www.bodonos.fi\/judo\/wp-json\/wp\/v2\/types\/page"}],"author":[{"embeddable":true,"href":"https:\/\/www.bodonos.fi\/judo\/wp-json\/wp\/v2\/users\/9"}],"replies":[{"embeddable":true,"href":"https:\/\/www.bodonos.fi\/judo\/wp-json\/wp\/v2\/comments?post=176"}],"version-history":[{"count":97,"href":"https:\/\/www.bodonos.fi\/judo\/wp-json\/wp\/v2\/pages\/176\/revisions"}],"predecessor-version":[{"id":3691,"href":"https:\/\/www.bodonos.fi\/judo\/wp-json\/wp\/v2\/pages\/176\/revisions\/3691"}],"wp:attachment":[{"href":"https:\/\/www.bodonos.fi\/judo\/wp-json\/wp\/v2\/media?parent=176"}],"curies":[{"name":"wp","href":"https:\/\/api.w.org\/{rel}","templated":true}]}}