{"id":2650,"date":"2019-08-09T20:00:02","date_gmt":"2019-08-09T18:00:02","guid":{"rendered":"http:\/\/www.bodonos.fi\/judo\/?page_id=2650"},"modified":"2025-12-11T15:06:33","modified_gmt":"2025-12-11T13:06:33","slug":"kumppanit","status":"publish","type":"page","link":"https:\/\/www.bodonos.fi\/judo\/kumppanit\/","title":{"rendered":"Kumppanit"},"content":{"rendered":"<p>Seuramme tekee paljon yhteisty\u00f6t\u00e4 eri toimijoiden kanssa. Haluamme nostaa esiin erityisesti paikallisia toimijoita ja pienyrityksi\u00e4, koska ilman teit\u00e4 ei olisi Keravaa. Jos haluat tukea toimintaamme jollain tavalla, ota yhteytt\u00e4 sihteeri.bodonos[at]gmail.com.<\/p>\n<p>&nbsp;<\/p>\n<p><img loading=\"lazy\" decoding=\"async\" class=\"alignnone size-full wp-image-2669\" src=\"http:\/\/www.bodonos.fi\/judo\/wp-content\/uploads\/2017\/12\/N\u00e4ytt\u00f6kuva-2017-12-28-kello-12.06.18-e1514455978347.png\" alt=\"\" width=\"175\" height=\"89\" \/><br \/>\n<a href=\"http:\/\/www.kerava.fi\" target=\"_blank\" rel=\"noopener noreferrer\">www.kerava.fi<\/a><\/p>\n<p>&nbsp;<\/p>\n<p><img loading=\"lazy\" decoding=\"async\" class=\"alignnone size-full wp-image-2653\" src=\"http:\/\/www.bodonos.fi\/judo\/wp-content\/uploads\/2017\/12\/keravan-energia.png\" alt=\"\" width=\"153\" height=\"49\" srcset=\"https:\/\/www.bodonos.fi\/judo\/wp-content\/uploads\/2017\/12\/keravan-energia.png 153w, https:\/\/www.bodonos.fi\/judo\/wp-content\/uploads\/2017\/12\/keravan-energia-150x49.png 150w\" sizes=\"auto, (max-width: 153px) 100vw, 153px\" \/><br \/>\n<a href=\"https:\/\/www.keravanenergia.fi\/fi\/\" target=\"_blank\" rel=\"noopener noreferrer\">https:\/\/www.keravanenergia.fi\/fi\/<\/a><\/p>\n<p>&nbsp;<\/p>\n<p><span style=\"font-size: 14pt;\">Budoliike.fi Petlastech<\/span><\/p>\n<p><a href=\"https:\/\/budoliike.fi\/\">https:\/\/budoliike.fi\/<\/a><\/p>\n<p>&nbsp;<\/p>\n<p><img loading=\"lazy\" decoding=\"async\" class=\"alignnone size-medium wp-image-3549\" src=\"http:\/\/www.bodonos.fi\/judo\/wp-content\/uploads\/2025\/04\/Tyovaatemyynti_PerusL_page-00011-300x63.jpg\" alt=\"\" width=\"300\" height=\"63\" srcset=\"https:\/\/www.bodonos.fi\/judo\/wp-content\/uploads\/2025\/04\/Tyovaatemyynti_PerusL_page-00011-300x63.jpg 300w, https:\/\/www.bodonos.fi\/judo\/wp-content\/uploads\/2025\/04\/Tyovaatemyynti_PerusL_page-00011-1024x216.jpg 1024w, https:\/\/www.bodonos.fi\/judo\/wp-content\/uploads\/2025\/04\/Tyovaatemyynti_PerusL_page-00011-768x162.jpg 768w, https:\/\/www.bodonos.fi\/judo\/wp-content\/uploads\/2025\/04\/Tyovaatemyynti_PerusL_page-00011.jpg 1301w\" sizes=\"auto, (max-width: 300px) 100vw, 300px\" \/><\/p>\n<p><a href=\"https:\/\/www.tyovaatemyynti.fi\/\">https:\/\/www.tyovaatemyynti.fi\/<\/a><\/p>\n<p>&nbsp;<\/p>\n<p><img loading=\"lazy\" decoding=\"async\" class=\"alignnone size-full wp-image-2654\" src=\"http:\/\/www.bodonos.fi\/judo\/wp-content\/uploads\/2017\/12\/N\u00e4ytt\u00f6kuva-2017-12-28-kello-11.29.36.png\" alt=\"\" width=\"159\" height=\"75\" \/><br \/>\n<a href=\"http:\/\/www.onnela.com\/fi\" target=\"_blank\" rel=\"noopener noreferrer\">http:\/\/www.onnela.com\/fi<\/a><\/p>\n<p>&nbsp;<\/p>\n<p><img loading=\"lazy\" decoding=\"async\" class=\"alignnone size-full wp-image-2657\" src=\"http:\/\/www.bodonos.fi\/judo\/wp-content\/uploads\/2017\/12\/N\u00e4ytt\u00f6kuva-2017-12-28-kello-11.32.14-e1514453605391.png\" alt=\"\" width=\"175\" height=\"54\" \/><br \/>\n<a href=\"http:\/\/www.vajutsu.fi\" target=\"_blank\" rel=\"noopener noreferrer\"> http:\/\/www.vajutsu.fi<\/a><\/p>\n<p>&nbsp;<\/p>\n<p><img loading=\"lazy\" decoding=\"async\" class=\"alignnone size-full wp-image-2659\" src=\"http:\/\/www.bodonos.fi\/judo\/wp-content\/uploads\/2017\/12\/N\u00e4ytt\u00f6kuva-2017-12-28-kello-11.35.21-e1514453738735.png\" alt=\"\" width=\"175\" height=\"94\" \/><br \/>\n<a href=\"http:\/\/turvaprokk.fi\/\" target=\"_blank\" rel=\"noopener noreferrer\"> http:\/\/turvaprokk.fi\/<\/a><\/p>\n<p>&nbsp;<\/p>\n<p><img loading=\"lazy\" decoding=\"async\" class=\"alignnone size-full wp-image-2663\" src=\"http:\/\/www.bodonos.fi\/judo\/wp-content\/uploads\/2017\/12\/N\u00e4ytt\u00f6kuva-2017-12-28-kello-11.40.09-e1514454189311.png\" alt=\"\" width=\"175\" height=\"104\" \/><br \/>\n<a href=\"http:\/\/www.lvi-olenius.fi\/\" target=\"_blank\" rel=\"noopener noreferrer\">http:\/\/www.lvi-olenius.fi\/<\/a><\/p>\n","protected":false},"excerpt":{"rendered":"<p>Seuramme tekee paljon yhteisty\u00f6t\u00e4 eri toimijoiden kanssa. Haluamme nostaa esiin erityisesti paikallisia toimijoita ja pienyrityksi\u00e4, koska ilman teit\u00e4 ei olisi Keravaa. Jos haluat tukea toimintaamme jollain tavalla, ota yhteytt\u00e4 sihteeri.bodonos[at]gmail.com. &nbsp; www.kerava.fi &nbsp; https:\/\/www.keravanenergia.fi\/fi\/ &nbsp; Budoliike.fi Petlastech https:\/\/budoliike.fi\/ &nbsp; https:\/\/www.tyovaatemyynti.fi\/ &nbsp; http:\/\/www.onnela.com\/fi &nbsp; http:\/\/www.vajutsu.fi &nbsp; http:\/\/turvaprokk.fi\/ &nbsp; http:\/\/www.lvi-olenius.fi\/<\/p>\n","protected":false},"author":11,"featured_media":0,"parent":0,"menu_order":0,"comment_status":"closed","ping_status":"closed","template":"","meta":{"_lmt_disableupdate":"no","_lmt_disable":"no","footnotes":""},"class_list":["post-2650","page","type-page","status-publish","hentry"],"_links":{"self":[{"href":"https:\/\/www.bodonos.fi\/judo\/wp-json\/wp\/v2\/pages\/2650","targetHints":{"allow":["GET"]}}],"collection":[{"href":"https:\/\/www.bodonos.fi\/judo\/wp-json\/wp\/v2\/pages"}],"about":[{"href":"https:\/\/www.bodonos.fi\/judo\/wp-json\/wp\/v2\/types\/page"}],"author":[{"embeddable":true,"href":"https:\/\/www.bodonos.fi\/judo\/wp-json\/wp\/v2\/users\/11"}],"replies":[{"embeddable":true,"href":"https:\/\/www.bodonos.fi\/judo\/wp-json\/wp\/v2\/comments?post=2650"}],"version-history":[{"count":18,"href":"https:\/\/www.bodonos.fi\/judo\/wp-json\/wp\/v2\/pages\/2650\/revisions"}],"predecessor-version":[{"id":3672,"href":"https:\/\/www.bodonos.fi\/judo\/wp-json\/wp\/v2\/pages\/2650\/revisions\/3672"}],"wp:attachment":[{"href":"https:\/\/www.bodonos.fi\/judo\/wp-json\/wp\/v2\/media?parent=2650"}],"curies":[{"name":"wp","href":"https:\/\/api.w.org\/{rel}","templated":true}]}}