{"id":13,"date":"2011-04-03T12:19:18","date_gmt":"2011-04-03T12:19:18","guid":{"rendered":"http:\/\/www.bodonos.fi\/voimailu\/?page_id=13"},"modified":"2025-06-04T12:46:14","modified_gmt":"2025-06-04T10:46:14","slug":"yhteystiedot","status":"publish","type":"page","link":"https:\/\/www.bodonos.fi\/voimailu\/yhteystiedot\/","title":{"rendered":"Yhteystiedot"},"content":{"rendered":"<p><iframe style=\"border: 0;\" src=\"https:\/\/www.google.com\/maps\/embed?pb=!1m18!1m12!1m3!1d1970.5207003757203!2d25.098204016394195!3d60.40359393146686!2m3!1f0!2f0!3f0!3m2!1i1024!2i768!4f13.1!3m3!1m2!1s0x4692007e36d2a8d9%3A0xbd3127e6b7ff50af!2sKauppakaari+11%2C+04200+Kerava!5e0!3m2!1sfi!2sfi!4v1449341302962\" width=\"800\" height=\"400\" frameborder=\"0\" allowfullscreen=\"allowfullscreen\"><\/iframe><\/p>\n<p><strong>Harjoittelutila<\/strong><\/p>\n<p>City-voimailusali<br \/>\nKauppakaari 11, 04200 Kerava<\/p>\n<p>Sali sijaitsee kaupungintalon alakerrassa. K\u00e4ynti kaupungintalon taka-osasta hiekkaparkin puolelta. Avainkortteja ja p\u00e4\u00e4sylippuja myyd\u00e4\u00e4n <a href=\"https:\/\/www.bodonos.fi\/voimailu\/?page_id=2598\">Sampolan palvelukeskuksesta ja Keravan uimahallilta<\/a>.<\/p>\n<p><a href=\"https:\/\/www.bodonos.fi\/voimailu\/?page_id=2598\">Lis\u00e4tietoa harjoittelutilasta<\/a><\/p>\n<p><strong>City-salin aukioloajat<\/strong><\/p>\n<p>ma-pe 7-21<br \/>\nla-su 8-18<br \/>\npyhin\u00e4 noudatetaan sunnuntain aukioloaikoja<\/p>\n<p>Punttikoulun ja kilparyhm\u00e4n harjoitusajat l\u00f6yd\u00e4t <a href=\"https:\/\/www.bodonos.fi\/voimailu\/?page_id=10\">t\u00e4\u00e4lt\u00e4<\/a><\/p>\n<p>Poikkeukset:<\/p>\n<ul>\n<li>Kiirastorstai &#8211; suljetaan klo 18<\/li>\n<li>Pitk\u00e4perjantai &#8211; suljettu<\/li>\n<li>Vappuaatto &#8211; suljetaan klo 18<\/li>\n<li>Vappup\u00e4iv\u00e4 &#8211; suljettu<\/li>\n<li>Juhannusaatto &#8211; suljettu<\/li>\n<li>Juhannusp\u00e4iv\u00e4 &#8211; suljettu<\/li>\n<li>Jouluaatto &#8211; suljettu<\/li>\n<li>Joulup\u00e4iv\u00e4 &#8211; suljettu<\/li>\n<li>Uuden vuoden aatto &#8211; suljetaan klo 18<\/li>\n<\/ul>\n<p><strong>Voimailujaoston yhteyshenkil\u00f6t<\/strong><\/p>\n<p>Puheenjohtaja, toiminta yleisesti:<br \/>\n<b>Ville Uimonen<\/b>, <span class=\"gI\"><span data-hovercard-id=\"voimailubodonos@gmail.com\" data-hovercard-owner-id=\"20\">voimailubodonos@gmail.com<\/span><\/span><\/p>\n<p>Alle 17-vuotiaiden vastuuvalmentaja:<br \/>\n<strong>Juha Kukkonen<\/strong>, painonnosto.bodonos@gmail.com<br \/>\n<a href=\"https:\/\/www.bodonos.fi\/voimailu\/?page_id=10\">Katso harjoitusajat<\/a><\/p>\n<p>Talousasiat:<br \/>\n<strong>Juhani Tossavainen<\/strong>, taloudenhoito (at) gmail.com, 040 054 5387<br \/>\nKilpaurheilijoiden ja toimihenkil\u00f6iden kulukorvaukset: (<a href=\"https:\/\/www.bodonos.fi\/voimailu\/wp-content\/uploads\/2018\/02\/kulukorvaukset2018.docx\">docx<\/a>) (<a href=\"https:\/\/www.bodonos.fi\/voimailu\/wp-content\/uploads\/2018\/02\/kulukorvaukset2018.pdf\">pdf<\/a>)<\/p>\n<p><strong>Lahjoitukset<\/strong><\/p>\n<p>Mahdolliset lahjoitukset tilille:<br \/>\nVoimailuseura Bodonos r.y.<br \/>\nFI43 5092 1240 0199 56 \/ OP\u00a0OKOYFIHH<br \/>\nY-tunnus:\u00a0\u00a027802847<\/p>\n","protected":false},"excerpt":{"rendered":"<p>Harjoittelutila City-voimailusali Kauppakaari 11, 04200 Kerava Sali sijaitsee kaupungintalon alakerrassa. K\u00e4ynti kaupungintalon taka-osasta hiekkaparkin puolelta.<\/p>\n","protected":false},"author":1,"featured_media":0,"parent":0,"menu_order":5,"comment_status":"closed","ping_status":"open","template":"","meta":{"footnotes":""},"class_list":["post-13","page","type-page","status-publish","hentry","comments-off"],"_links":{"self":[{"href":"https:\/\/www.bodonos.fi\/voimailu\/wp-json\/wp\/v2\/pages\/13","targetHints":{"allow":["GET"]}}],"collection":[{"href":"https:\/\/www.bodonos.fi\/voimailu\/wp-json\/wp\/v2\/pages"}],"about":[{"href":"https:\/\/www.bodonos.fi\/voimailu\/wp-json\/wp\/v2\/types\/page"}],"author":[{"embeddable":true,"href":"https:\/\/www.bodonos.fi\/voimailu\/wp-json\/wp\/v2\/users\/1"}],"replies":[{"embeddable":true,"href":"https:\/\/www.bodonos.fi\/voimailu\/wp-json\/wp\/v2\/comments?post=13"}],"version-history":[{"count":90,"href":"https:\/\/www.bodonos.fi\/voimailu\/wp-json\/wp\/v2\/pages\/13\/revisions"}],"predecessor-version":[{"id":6381,"href":"https:\/\/www.bodonos.fi\/voimailu\/wp-json\/wp\/v2\/pages\/13\/revisions\/6381"}],"wp:attachment":[{"href":"https:\/\/www.bodonos.fi\/voimailu\/wp-json\/wp\/v2\/media?parent=13"}],"curies":[{"name":"wp","href":"https:\/\/api.w.org\/{rel}","templated":true}]}}