{"id":1970,"date":"2015-11-16T20:53:03","date_gmt":"2015-11-16T18:53:03","guid":{"rendered":"http:\/\/www.bodonos.fi\/voimailu\/?page_id=1970"},"modified":"2025-12-17T08:13:52","modified_gmt":"2025-12-17T06:13:52","slug":"ilmoittaudu-kilpailuihin","status":"publish","type":"page","link":"https:\/\/www.bodonos.fi\/voimailu\/ilmoittaudu-kilpailuihin\/","title":{"rendered":"Kilpailut"},"content":{"rendered":"<p>Voit ilmoittautua Voimailuseura Bodonoksen j\u00e4rjest\u00e4miin kilpailuihin <a href=\"https:\/\/info.suomisport.fi\">Suomisport-palvelun<\/a> kautta.<\/p>\n\n\n<div  class=\"tribe-compatibility-container\" >\n\t<div\n\t\t class=\"tribe-common tribe-events tribe-events-view tribe-events-view--widget-events-list tribe-events-widget\" \t\tdata-js=\"tribe-events-view\"\n\t\tdata-view-rest-url=\"https:\/\/www.bodonos.fi\/voimailu\/wp-json\/tribe\/views\/v2\/html\"\n\t\tdata-view-manage-url=\"1\"\n\t\t\t\t\t\t\tdata-view-breakpoint-pointer=\"fcc1a6b0-ee64-4614-b47b-7be3c47536d2\"\n\t\t\t>\n\t\t<div class=\"tribe-events-widget-events-list\">\n\n\t\t\t<script type=\"application\/ld+json\">\r\n[{\"@context\":\"http:\/\/schema.org\",\"@type\":\"Event\",\"name\":\"Kansalliset Painonnostokilpailut\",\"description\":\"&lt;p&gt;Ajankohta la 30.5.2026 klo 11:00 - 13:00 Punnitus klo 9.00 - 10.00 Sijainti City-Voimailusali. Kauppakaari&lt;\/p&gt;\\\\n\",\"url\":\"https:\/\/www.bodonos.fi\/voimailu\/event\/kansalliset-painonnostokilpailut\/\",\"eventAttendanceMode\":\"https:\/\/schema.org\/OfflineEventAttendanceMode\",\"eventStatus\":\"https:\/\/schema.org\/EventScheduled\",\"startDate\":\"2026-05-30T09:00:00+02:00\",\"endDate\":\"2026-05-30T13:00:00+02:00\",\"location\":{\"@type\":\"Place\",\"name\":\"City-Voimailusali\",\"description\":\"\",\"url\":\"\",\"address\":{\"@type\":\"PostalAddress\",\"streetAddress\":\"Kauppakaari 11\",\"addressLocality\":\"Kerava\",\"addressRegion\":\"Uusimaa\",\"postalCode\":\"04200\",\"addressCountry\":\"Finland\"},\"telephone\":\"\",\"sameAs\":\"\"},\"offers\":{\"@type\":\"Offer\",\"price\":\"35,00\",\"priceCurrency\":\"EUR\",\"url\":\"https:\/\/www.bodonos.fi\/voimailu\/event\/kansalliset-painonnostokilpailut\/\",\"category\":\"primary\",\"availability\":\"inStock\",\"validFrom\":\"1970-01-01T00:00:00+00:00\"},\"performer\":\"Organization\"},{\"@context\":\"http:\/\/schema.org\",\"@type\":\"Event\",\"name\":\"Kansalliset painonnostokilpailut\",\"description\":\"&lt;p&gt;Ajankohta la 12.9.2026 klo 11:00 - 15:00 Sijainti City-Voimailusali. Kauppakaari 11, 04200 KERAVA Kauppakaari 11,&lt;\/p&gt;\\\\n\",\"url\":\"https:\/\/www.bodonos.fi\/voimailu\/event\/kansalliset-painonnostokilpailut-12-9-2026\/\",\"eventAttendanceMode\":\"https:\/\/schema.org\/OfflineEventAttendanceMode\",\"eventStatus\":\"https:\/\/schema.org\/EventScheduled\",\"startDate\":\"2026-09-12T09:00:00+02:00\",\"endDate\":\"2026-09-12T16:00:00+02:00\",\"location\":{\"@type\":\"Place\",\"name\":\"City-Voimailusali\",\"description\":\"\",\"url\":\"\",\"address\":{\"@type\":\"PostalAddress\",\"streetAddress\":\"Kauppakaari 11\",\"addressLocality\":\"Kerava\",\"addressRegion\":\"Uusimaa\",\"postalCode\":\"04200\",\"addressCountry\":\"Finland\"},\"telephone\":\"\",\"sameAs\":\"\"},\"offers\":{\"@type\":\"Offer\",\"price\":\"35,00\",\"priceCurrency\":\"EUR\",\"url\":\"https:\/\/www.bodonos.fi\/voimailu\/event\/kansalliset-painonnostokilpailut-12-9-2026\/\",\"category\":\"primary\",\"availability\":\"inStock\",\"validFrom\":\"1970-01-01T00:00:00+00:00\"},\"performer\":\"Organization\"},{\"@context\":\"http:\/\/schema.org\",\"@type\":\"Event\",\"name\":\"Kansalliset painonnostokilpailut\",\"description\":\"&lt;p&gt;Ajankohta la 24.10.2026 klo 11:00 - 15:00 Sijainti City-Voimailusali. Kauppakaari 11, 04200 KERAVA Kauppakaari 11,&lt;\/p&gt;\\\\n\",\"url\":\"https:\/\/www.bodonos.fi\/voimailu\/event\/kansalliset-painonnostokilpailut-24-10-2025\/\",\"eventAttendanceMode\":\"https:\/\/schema.org\/OfflineEventAttendanceMode\",\"eventStatus\":\"https:\/\/schema.org\/EventScheduled\",\"startDate\":\"2026-10-24T09:00:00+02:00\",\"endDate\":\"2026-10-24T16:00:00+02:00\",\"location\":{\"@type\":\"Place\",\"name\":\"City-Voimailusali\",\"description\":\"\",\"url\":\"\",\"address\":{\"@type\":\"PostalAddress\",\"streetAddress\":\"Kauppakaari 11\",\"addressLocality\":\"Kerava\",\"addressRegion\":\"Uusimaa\",\"postalCode\":\"04200\",\"addressCountry\":\"Finland\"},\"telephone\":\"\",\"sameAs\":\"\"},\"offers\":{\"@type\":\"Offer\",\"price\":\"35,00\",\"priceCurrency\":\"EUR\",\"url\":\"https:\/\/www.bodonos.fi\/voimailu\/event\/kansalliset-painonnostokilpailut-24-10-2025\/\",\"category\":\"primary\",\"availability\":\"inStock\",\"validFrom\":\"1970-01-01T00:00:00+00:00\"},\"performer\":\"Organization\"}]\r\n<\/script>\n\t\t\t<script data-js=\"tribe-events-view-data\" type=\"application\/json\">\n\t{\"slug\":\"widget-events-list\",\"prev_url\":\"\",\"next_url\":\"\",\"view_class\":\"Tribe\\\\Events\\\\Views\\\\V2\\\\Views\\\\Widgets\\\\Widget_List_View\",\"view_slug\":\"widget-events-list\",\"view_label\":\"View\",\"view\":null,\"should_manage_url\":true,\"id\":null,\"alias-slugs\":null,\"title\":\"Tapahtumat alkaen 2 toukokuun \\u2013 24 lokakuun \\u2013 Bodonos Voimailujaosto\",\"limit\":\"5\",\"no_upcoming_events\":false,\"featured_events_only\":false,\"jsonld_enable\":true,\"tribe_is_list_widget\":false,\"admin_fields\":{\"title\":{\"label\":\"Otsikko:\",\"type\":\"text\",\"parent_classes\":\"\",\"classes\":\"\",\"dependency\":\"\",\"id\":\"widget-tribe-widget-events-list--1-title\",\"name\":\"widget-tribe-widget-events-list[-1][title]\",\"options\":[],\"placeholder\":\"\",\"value\":null},\"limit\":{\"label\":\"N\\u00e4yt\\u00e4:\",\"type\":\"number\",\"default\":5,\"min\":1,\"max\":10,\"step\":1,\"parent_classes\":\"\",\"classes\":\"\",\"dependency\":\"\",\"id\":\"widget-tribe-widget-events-list--1-limit\",\"name\":\"widget-tribe-widget-events-list[-1][limit]\",\"options\":[],\"placeholder\":\"\",\"value\":null},\"no_upcoming_events\":{\"label\":\"Piilota t\\u00e4m\\u00e4 vimpain jos ei ole tulevia tapahtumia.\",\"type\":\"checkbox\",\"parent_classes\":\"\",\"classes\":\"\",\"dependency\":\"\",\"id\":\"widget-tribe-widget-events-list--1-no_upcoming_events\",\"name\":\"widget-tribe-widget-events-list[-1][no_upcoming_events]\",\"options\":[],\"placeholder\":\"\",\"value\":null},\"featured_events_only\":{\"label\":\"Rajoita vain kiinnitettyihin tapahtumiin\",\"type\":\"checkbox\",\"parent_classes\":\"\",\"classes\":\"\",\"dependency\":\"\",\"id\":\"widget-tribe-widget-events-list--1-featured_events_only\",\"name\":\"widget-tribe-widget-events-list[-1][featured_events_only]\",\"options\":[],\"placeholder\":\"\",\"value\":null},\"jsonld_enable\":{\"label\":\"Generate JSON-LD data\",\"type\":\"checkbox\",\"parent_classes\":\"\",\"classes\":\"\",\"dependency\":\"\",\"id\":\"widget-tribe-widget-events-list--1-jsonld_enable\",\"name\":\"widget-tribe-widget-events-list[-1][jsonld_enable]\",\"options\":[],\"placeholder\":\"\",\"value\":null}},\"events\":[6737,6568,6570],\"url\":\"https:\\\/\\\/www.bodonos.fi\\\/voimailu\\\/?post_type=tribe_events&eventDisplay=widget-events-list\",\"url_event_date\":false,\"bar\":{\"keyword\":\"\",\"date\":\"\"},\"today\":\"2026-05-02 00:00:00\",\"now\":\"2026-05-02 12:05:40\",\"home_url\":\"https:\\\/\\\/www.bodonos.fi\\\/voimailu\",\"rest_url\":\"https:\\\/\\\/www.bodonos.fi\\\/voimailu\\\/wp-json\\\/tribe\\\/views\\\/v2\\\/html\",\"rest_method\":\"GET\",\"rest_nonce\":\"\",\"today_url\":\"https:\\\/\\\/www.bodonos.fi\\\/voimailu\\\/?post_type=tribe_events&eventDisplay=widget-events-list&rest_route=%2Fwp%2Fv2%2Fpages%2F1970\",\"today_title\":\"Klikkaa valitaksesi t\\u00e4m\\u00e4 p\\u00e4iv\\u00e4\",\"today_label\":\"T\\u00e4n\\u00e4\\u00e4n\",\"prev_label\":\"\",\"next_label\":\"\",\"date_formats\":{\"compact\":\"n\\\/j\\\/Y\",\"month_and_year_compact\":\"n\\\/j\\\/Y\",\"month_and_year\":\"F Y\",\"time_range_separator\":\" - \",\"date_time_separator\":\" @ \"},\"messages\":[],\"start_of_week\":\"1\",\"header_title\":\"\",\"header_title_element\":\"h1\",\"content_title\":\"\",\"show_content_title\":false,\"breadcrumbs\":[],\"backlink\":false,\"before_events\":\"\",\"after_events\":\"\\n<!--\\nThis calendar is powered by The Events Calendar.\\nhttp:\\\/\\\/evnt.is\\\/18wn\\n-->\\n\",\"display_events_bar\":false,\"disable_event_search\":false,\"live_refresh\":true,\"ical\":{\"display_link\":true,\"link\":{\"url\":\"https:\\\/\\\/www.bodonos.fi\\\/voimailu\\\/?post_type=tribe_events&#038;eventDisplay=widget-events-list&#038;ical=1\",\"text\":\"Vie Tapahtumat\",\"title\":\"K\\u00e4yt\\u00e4 t\\u00e4t\\u00e4 jakaaksesi kalenterin tiedot Google-kalenterin, Apple iCal:in ja muiden yhteensopivien sovellusten kanssa\"}},\"container_classes\":[\"tribe-common\",\"tribe-events\",\"tribe-events-view\",\"tribe-events-view--widget-events-list\",\"tribe-events-widget\"],\"container_data\":[],\"is_past\":false,\"breakpoints\":{\"xsmall\":500,\"medium\":768,\"full\":960},\"breakpoint_pointer\":\"fcc1a6b0-ee64-4614-b47b-7be3c47536d2\",\"is_initial_load\":false,\"public_views\":{\"month\":{\"view_class\":\"Tribe\\\\Events\\\\Views\\\\V2\\\\Views\\\\Month_View\",\"view_url\":\"https:\\\/\\\/www.bodonos.fi\\\/voimailu\\\/events\\\/kuukausi\\\/\",\"view_label\":\"Kuukausi\",\"aria_label\":\"Display Tapahtumat in Kuukausi View\"},\"day\":{\"view_class\":\"Tribe\\\\Events\\\\Views\\\\V2\\\\Views\\\\Day_View\",\"view_url\":\"https:\\\/\\\/www.bodonos.fi\\\/voimailu\\\/events\\\/tanaan\\\/\",\"view_label\":\"P\\u00e4iv\\u00e4\",\"aria_label\":\"Display Tapahtumat in P\\u00e4iv\\u00e4 View\"}},\"show_latest_past\":false,\"past\":false,\"compatibility_classes\":[\"tribe-compatibility-container\"],\"view_more_text\":\"N\\u00e4yt\\u00e4 kalenteri\",\"view_more_title\":\"N\\u00e4yt\\u00e4 enemm\\u00e4n tapahtumat.\",\"view_more_link\":\"https:\\\/\\\/www.bodonos.fi\\\/voimailu\\\/events\\\/\",\"widget_title\":\"Tulevat tapahtumat\",\"hide_if_no_upcoming_events\":false,\"display\":[],\"subscribe_links\":{\"gcal\":{\"label\":\"Google-kalenteri\",\"single_label\":\"Lis\\u00e4\\u00e4 Google-kalenteriin\",\"visible\":true,\"block_slug\":\"hasGoogleCalendar\"},\"ical\":{\"label\":\"iCalendar\",\"single_label\":\"Lis\\u00e4\\u00e4 iCalendariin\",\"visible\":true,\"block_slug\":\"hasiCal\"},\"outlook-365\":{\"label\":\"Outlook 365\",\"single_label\":\"Outlook 365\",\"visible\":true,\"block_slug\":\"hasOutlook365\"},\"outlook-live\":{\"label\":\"Outlook Live\",\"single_label\":\"Outlook Live\",\"visible\":true,\"block_slug\":\"hasOutlookLive\"},\"ics\":{\"label\":\"Vie .ics-tiedostona\",\"single_label\":\"Vie .ics-tiedostona\",\"visible\":true,\"block_slug\":null},\"outlook-ics\":{\"label\":\"Vie Outlook .ics -tiedostoon\",\"single_label\":\"Vie Outlook .ics -tiedostoon\",\"visible\":true,\"block_slug\":null}},\"_context\":{\"slug\":\"widget-events-list\"}}<\/script>\n\n\t\t\t\t\t\t\t<header class=\"tribe-events-widget-events-list__header\">\n\t\t\t\t\t<h2 class=\"tribe-events-widget-events-list__header-title tribe-common-h6 tribe-common-h--alt\">\n\t\t\t\t\t\tTulevat tapahtumat\t\t\t\t\t<\/h2>\n\t\t\t\t<\/header>\n\t\t\t\n\t\t\t\n\t\t\t\t<div class=\"tribe-events-widget-events-list__events\">\n\t\t\t\t\t\t\t\t\t\t\t<div  class=\"tribe-common-g-row tribe-events-widget-events-list__event-row\" >\n\n\t<div class=\"tribe-events-widget-events-list__event-date-tag tribe-common-g-col\">\n\t<time class=\"tribe-events-widget-events-list__event-date-tag-datetime\" datetime=\"2026-05-30\">\n\t\t<span class=\"tribe-events-widget-events-list__event-date-tag-month\">\n\t\t\ttouko\t\t<\/span>\n\t\t<span class=\"tribe-events-widget-events-list__event-date-tag-daynum tribe-common-h2 tribe-common-h4--min-medium\">\n\t\t\t30\t\t<\/span>\n\t<\/time>\n<\/div>\n\n\t<div class=\"tribe-events-widget-events-list__event-wrapper tribe-common-g-col\">\n\t\t<article  class=\"tribe-events-widget-events-list__event post-6737 tribe_events type-tribe_events status-publish hentry tribe_events_cat-kilpailut comments-off\" >\n\t\t\t<div class=\"tribe-events-widget-events-list__event-details\">\n\n\t\t\t\t<header class=\"tribe-events-widget-events-list__event-header\">\n\t\t\t\t\t<div class=\"tribe-events-widget-events-list__event-datetime-wrapper tribe-common-b2 tribe-common-b3--min-medium\">\n\t\t<time class=\"tribe-events-widget-events-list__event-datetime\" datetime=\"2026-05-30\">\n\t\t<span class=\"tribe-event-date-start\">9.00<\/span> &#8211; <span class=\"tribe-event-time\">13.00<\/span>\t<\/time>\n\t<\/div>\n\t\t\t\t\t<h3 class=\"tribe-events-widget-events-list__event-title tribe-common-h7\">\n\t<a\n\t\thref=\"https:\/\/www.bodonos.fi\/voimailu\/event\/kansalliset-painonnostokilpailut\/\"\n\t\ttitle=\"Kansalliset Painonnostokilpailut\"\n\t\trel=\"bookmark\"\n\t\tclass=\"tribe-events-widget-events-list__event-title-link tribe-common-anchor-thin\"\n\t>\n\t\tKansalliset Painonnostokilpailut\t<\/a>\n<\/h3>\n\t\t\t\t<\/header>\n\n\t\t\t\t\n\t\t\t<\/div>\n\t\t<\/article>\n\t<\/div>\n\n<\/div>\n\t\t\t\t\t\t\t\t\t\t\t<div  class=\"tribe-common-g-row tribe-events-widget-events-list__event-row\" >\n\n\t<div class=\"tribe-events-widget-events-list__event-date-tag tribe-common-g-col\">\n\t<time class=\"tribe-events-widget-events-list__event-date-tag-datetime\" datetime=\"2026-09-12\">\n\t\t<span class=\"tribe-events-widget-events-list__event-date-tag-month\">\n\t\t\tsyys\t\t<\/span>\n\t\t<span class=\"tribe-events-widget-events-list__event-date-tag-daynum tribe-common-h2 tribe-common-h4--min-medium\">\n\t\t\t12\t\t<\/span>\n\t<\/time>\n<\/div>\n\n\t<div class=\"tribe-events-widget-events-list__event-wrapper tribe-common-g-col\">\n\t\t<article  class=\"tribe-events-widget-events-list__event post-6568 tribe_events type-tribe_events status-publish hentry tag-kansalliset-painonnostokilpailut tribe_events_cat-kilpailut comments-off\" >\n\t\t\t<div class=\"tribe-events-widget-events-list__event-details\">\n\n\t\t\t\t<header class=\"tribe-events-widget-events-list__event-header\">\n\t\t\t\t\t<div class=\"tribe-events-widget-events-list__event-datetime-wrapper tribe-common-b2 tribe-common-b3--min-medium\">\n\t\t<time class=\"tribe-events-widget-events-list__event-datetime\" datetime=\"2026-09-12\">\n\t\t<span class=\"tribe-event-date-start\">9.00<\/span> &#8211; <span class=\"tribe-event-time\">16.00<\/span>\t<\/time>\n\t<\/div>\n\t\t\t\t\t<h3 class=\"tribe-events-widget-events-list__event-title tribe-common-h7\">\n\t<a\n\t\thref=\"https:\/\/www.bodonos.fi\/voimailu\/event\/kansalliset-painonnostokilpailut-12-9-2026\/\"\n\t\ttitle=\"Kansalliset painonnostokilpailut\"\n\t\trel=\"bookmark\"\n\t\tclass=\"tribe-events-widget-events-list__event-title-link tribe-common-anchor-thin\"\n\t>\n\t\tKansalliset painonnostokilpailut\t<\/a>\n<\/h3>\n\t\t\t\t<\/header>\n\n\t\t\t\t\n\t\t\t<\/div>\n\t\t<\/article>\n\t<\/div>\n\n<\/div>\n\t\t\t\t\t\t\t\t\t\t\t<div  class=\"tribe-common-g-row tribe-events-widget-events-list__event-row\" >\n\n\t<div class=\"tribe-events-widget-events-list__event-date-tag tribe-common-g-col\">\n\t<time class=\"tribe-events-widget-events-list__event-date-tag-datetime\" datetime=\"2026-10-24\">\n\t\t<span class=\"tribe-events-widget-events-list__event-date-tag-month\">\n\t\t\tloka\t\t<\/span>\n\t\t<span class=\"tribe-events-widget-events-list__event-date-tag-daynum tribe-common-h2 tribe-common-h4--min-medium\">\n\t\t\t24\t\t<\/span>\n\t<\/time>\n<\/div>\n\n\t<div class=\"tribe-events-widget-events-list__event-wrapper tribe-common-g-col\">\n\t\t<article  class=\"tribe-events-widget-events-list__event post-6570 tribe_events type-tribe_events status-publish hentry tag-kansalliset-painonnostokilpailut tribe_events_cat-kilpailut comments-off\" >\n\t\t\t<div class=\"tribe-events-widget-events-list__event-details\">\n\n\t\t\t\t<header class=\"tribe-events-widget-events-list__event-header\">\n\t\t\t\t\t<div class=\"tribe-events-widget-events-list__event-datetime-wrapper tribe-common-b2 tribe-common-b3--min-medium\">\n\t\t<time class=\"tribe-events-widget-events-list__event-datetime\" datetime=\"2026-10-24\">\n\t\t<span class=\"tribe-event-date-start\">9.00<\/span> &#8211; <span class=\"tribe-event-time\">16.00<\/span>\t<\/time>\n\t<\/div>\n\t\t\t\t\t<h3 class=\"tribe-events-widget-events-list__event-title tribe-common-h7\">\n\t<a\n\t\thref=\"https:\/\/www.bodonos.fi\/voimailu\/event\/kansalliset-painonnostokilpailut-24-10-2025\/\"\n\t\ttitle=\"Kansalliset painonnostokilpailut\"\n\t\trel=\"bookmark\"\n\t\tclass=\"tribe-events-widget-events-list__event-title-link tribe-common-anchor-thin\"\n\t>\n\t\tKansalliset painonnostokilpailut\t<\/a>\n<\/h3>\n\t\t\t\t<\/header>\n\n\t\t\t\t\n\t\t\t<\/div>\n\t\t<\/article>\n\t<\/div>\n\n<\/div>\n\t\t\t\t\t\t\t\t\t<\/div>\n\n\t\t\t\t<div class=\"tribe-events-widget-events-list__view-more tribe-common-b1 tribe-common-b2--min-medium\">\n\t<a\n\t\thref=\"https:\/\/www.bodonos.fi\/voimailu\/events\/\"\n\t\tclass=\"tribe-events-widget-events-list__view-more-link tribe-common-anchor-thin\"\n\t\ttitle=\"N\u00e4yt\u00e4 enemm\u00e4n tapahtumat.\"\n\t>\n\t\tN\u00e4yt\u00e4 kalenteri\t<\/a>\n<\/div>\n\n\t\t\t\t\t<\/div>\n\t<\/div>\n<\/div>\n<script data-js='tribe-events-view-nonce-data' type='application\/json'>{\"tvn1\":\"665948a0e4\",\"tvn2\":\"\"}<\/script>\n\n\n\n<p>Tervetuloa City-salille seuraamaan Voimailuseura Bodonoksen j\u00e4rjest\u00e4mi\u00e4 kilpailuja maksutta, ellei erikseen mainita.<\/p>\n","protected":false},"excerpt":{"rendered":"<p>Voit ilmoittautua Voimailuseura Bodonoksen j\u00e4rjest\u00e4miin kilpailuihin Suomisport-palvelun kautta. Tervetuloa City-salille seuraamaan Voimailuseura Bodonoksen j\u00e4rjest\u00e4mi\u00e4 kilpailuja<\/p>\n","protected":false},"author":1,"featured_media":0,"parent":0,"menu_order":0,"comment_status":"closed","ping_status":"closed","template":"","meta":{"footnotes":""},"class_list":["post-1970","page","type-page","status-publish","hentry","comments-off"],"_links":{"self":[{"href":"https:\/\/www.bodonos.fi\/voimailu\/wp-json\/wp\/v2\/pages\/1970","targetHints":{"allow":["GET"]}}],"collection":[{"href":"https:\/\/www.bodonos.fi\/voimailu\/wp-json\/wp\/v2\/pages"}],"about":[{"href":"https:\/\/www.bodonos.fi\/voimailu\/wp-json\/wp\/v2\/types\/page"}],"author":[{"embeddable":true,"href":"https:\/\/www.bodonos.fi\/voimailu\/wp-json\/wp\/v2\/users\/1"}],"replies":[{"embeddable":true,"href":"https:\/\/www.bodonos.fi\/voimailu\/wp-json\/wp\/v2\/comments?post=1970"}],"version-history":[{"count":5,"href":"https:\/\/www.bodonos.fi\/voimailu\/wp-json\/wp\/v2\/pages\/1970\/revisions"}],"predecessor-version":[{"id":6605,"href":"https:\/\/www.bodonos.fi\/voimailu\/wp-json\/wp\/v2\/pages\/1970\/revisions\/6605"}],"wp:attachment":[{"href":"https:\/\/www.bodonos.fi\/voimailu\/wp-json\/wp\/v2\/media?parent=1970"}],"curies":[{"name":"wp","href":"https:\/\/api.w.org\/{rel}","templated":true}]}}