{"id":2252,"date":"2016-01-17T21:32:55","date_gmt":"2016-01-17T19:32:55","guid":{"rendered":"http:\/\/www.bodonos.fi\/voimailu\/?page_id=2252"},"modified":"2025-05-16T01:05:20","modified_gmt":"2025-05-15T23:05:20","slug":"bodonos-ranking","status":"publish","type":"page","link":"https:\/\/www.bodonos.fi\/voimailu\/esimerkkisivu\/bodonos-ranking\/","title":{"rendered":"Bodonos-ranking"},"content":{"rendered":"<p>T\u00e4m\u00e4 on <strong>Bodonos-ranking painonnoston Sinclair-pisteiden perusteella<\/strong> p\u00e4\u00e4osin vuodesta 1988 alkaen. T\u00e4t\u00e4 ennenkin bodonoslaiset ovat tehneet kovia tuloksia, mutta luotettava tilastotieto ulottuu vuoteen 1988.<\/p>\n<p>Bodonos-ranking <strong>p\u00e4ivitetty 16.5.2025<\/strong>.<\/p>\n<p><strong>Miehet TOP-Ranking<\/strong><\/p>\n<ol>\n<li>Tahvanainen Keijo\u00a0 <strong>407,033p\u00a0 <\/strong>(155+195=<strong>350kg<\/strong> bw 90)\u00a0 Helsinki 27.3.1988<\/li>\n<li>Hirvonen Jari\u00a0 <strong>387,508p<\/strong>\u00a0 (150+170=<strong>320kg<\/strong> bw 82,8)\u00a0 Oulu 10.12.1994<\/li>\n<li>Martinson Marko\u00a0 <strong>370,585p<\/strong>\u00a0 (127,5+150=<strong>277,5kg<\/strong> bw 69,8)\u00a0 Oulu 10.12.1994<\/li>\n<li>Reponen Pekka\u00a0 <strong>363,610p<\/strong>\u00a0 (145+170=<strong>315kg<\/strong> bw 91,5)\u00a0 Rovaniemi 9.12.2000<\/li>\n<li>Sepp\u00e4l\u00e4 Esa\u00a0 <strong>358,902p<\/strong>\u00a0 (130+155=<strong>285kg<\/strong> bw 77)\u00a0 Parkano 12.6.1999<\/li>\n<li>Pellinen Jari <strong>\u00a0356,805p<\/strong>\u00a0 (140+170=<strong>310kg<\/strong> bw 92,1)\u00a0 Kuusankoski 14.10.1990<\/li>\n<li>Kukkonen Juha\u00a0 <strong>354,827p<\/strong>\u00a0 \u00a0(150+175=<strong>325kg<\/strong> bw 105,3)\u00a0 \u00a0Laukaa 10.3.2002<\/li>\n<li>Hernesniemi Jussi\u00a0 <strong>346,563p<\/strong>\u00a0 (125+150=<strong>275kg<\/strong> bw 76,9)\u00a0 Tampere 12.3.2005<\/li>\n<li>Juntunen Jari\u00a0 <strong>342,097p<\/strong>\u00a0 (125+157,5=<strong>282,5kg<\/strong> bw 82,8)\u00a0 Tampere 4.9.1994<\/li>\n<li>Rossinen Eero\u00a0 <strong>340,149p\u00a0<\/strong> (125+142,5=<strong>267,5kg<\/strong> bw 75,7)\u00a0 Kerava 2.3.1996<\/li>\n<li>Ranta Erno\u00a0<strong> 339,128p<\/strong>\u00a0 (135+175=<strong>310kg<\/strong> bw 104,7)\u00a0 Tampere 4.2.1995<\/li>\n<li>Tossavainen Juhani\u00a0 <strong>337,256p<\/strong>\u00a0 (130+160=<strong>290kg <\/strong>bw 90) \u00a0Pori 21.7.1985<\/li>\n<li>Kyyr\u00f6 Mikko\u00a0 <strong>333,102p<\/strong>\u00a0 (140+165=<strong>305kg<\/strong> bw 105,2)\u00a0 Joensuu 16.9.2001<\/li>\n<li>Jaakkola Vesa\u00a0 <strong>330,361p<\/strong>\u00a0 (112,5+147,5=<strong>260kg<\/strong> bw 75,8)\u00a0 Joensuu 2.10.2004<\/li>\n<li>Pukkila Juha-Pekka\u00a0 <strong>320,399p<\/strong>\u00a0 (100+120=<strong>220kg <\/strong>bw 62)\u00a0 Joensuu 11.3.2000<\/li>\n<li>Kasanen Jorma\u00a0 <strong>318,207p<\/strong>\u00a0 (122,5+150=<strong>272,5kg<\/strong> bw 89,2)\u00a0 Rovaniemi 12.10.1988<\/li>\n<li>Niiranen Antti\u00a0 <strong>318,186p<\/strong>\u00a0 (125+176=<strong>301kg<\/strong> bw 116,78)\u00a0 Nummela 25.1.2014<\/li>\n<li>Joensuu Marko\u00a0 <strong>317,643p<\/strong>\u00a0 (140+170=<strong>310kg<\/strong> bw 133,7)\u00a0 Tampere 30.2.1994<\/li>\n<li>Lampiluoto Pekka\u00a0 <strong>315,891p<\/strong>\u00a0 (82,5+107,5=<strong>190kg<\/strong> bw 51,8)\u00a0 Kerava 9.6.1989<\/li>\n<li>Kyyr\u00f6 Perttu\u00a0 <strong>314,304p<\/strong>\u00a0 (125+155=<strong>275kg<\/strong> bw 93,6)\u00a0 Kerava 28.1.2006<\/li>\n<li>Kasanen Heikki\u00a0 <strong>314,304p<\/strong>\u00a0 (120+155=<strong>275kg<\/strong> bw 93,6)\u00a0 Helsinki 9.2.1991<\/li>\n<li>Autero Harri\u00a0 <strong>313,389p<\/strong>\u00a0 (125+160=<strong>285kg<\/strong> bw 103,2)\u00a0 Kerava 5.2.2000<\/li>\n<li>Niiranen Pekka\u00a0 <strong>309,892p<\/strong>\u00a0 (130+150=<strong>280kg<\/strong> bw 101,4)\u00a0 Kerava 31.12.2014<\/li>\n<li>Nieminen Veli-Matti\u00a0 <strong>308,271p<\/strong>\u00a0 (110+140=<strong>250kg<\/strong> bw 74,6)\u00a0 Pori 12.8.1990<\/li>\n<li>Haatanen Kimmo\u00a0 <strong>298,781p<\/strong>\u00a0 (105+125=<strong>230kg<\/strong> bw 73,0)\u00a0 Kerava 16.11.1996<\/li>\n<li>Okkonen Sami\u00a0 <strong>298,393p<\/strong>\u00a0 (115+140=<strong>255kg<\/strong> bw 88,8)\u00a0 Helsinki 26,4,1997<\/li>\n<li>Salmela Tero\u00a0 <strong>298,167p<\/strong>\u00a0 (111+150=<strong>261kg<\/strong> bw 93,7)\u00a0 Kerava 28.1.2006<\/li>\n<li>H\u00f6\u00f6k Kalevi\u00a0 <strong>293,947p<\/strong>\u00a0 (95+120=<strong>215kg<\/strong> bw 67,3)\u00a0 Rovaniemi 10.12.1988<\/li>\n<li>Sepp\u00e4l\u00e4 Antti\u00a0 <strong>292,646p<\/strong>\u00a0 (95+115=<strong>210kg<\/strong> bw 65,4)\u00a0 Kerava 31.12.2006<\/li>\n<li>Ahonen Tero\u00a0 <strong>285,560p<\/strong>\u00a0 (110+33=<strong>243kg<\/strong> bw 88)\u00a0 Riihim\u00e4ki 27.1.2007<\/li>\n<li>Hy\u00f6kki Sami\u00a0 <strong>279,042p<\/strong>\u00a0 (107,5+122,5=<strong>230kg<\/strong> bw 82,5)\u00a0 Kuusankoski 6.3.1993<\/li>\n<li>Suihkonen Werneri <strong>275.241p<\/strong> (110+140=<strong>250kg<\/strong> bw 102) Kerava 10.5.2025<\/li>\n<li>Vestman Matti\u00a0 <strong>275,096p<\/strong>\u00a0 (110+140=<strong>250kg<\/strong> bw 103)\u00a0 Kalajoki 25.10.2003<\/li>\n<li>Ylisoini Jukka <strong>268.771p<\/strong> (106+144=<strong>250kg<\/strong> bw 109.6) Kemij\u00e4rvi 30.11.2019<\/li>\n<li>Ahlfors Joakim <strong>266.219<\/strong> (108+127=<strong>235kg<\/strong> bw 94.6) Kerava 13.11.2021<\/li>\n<li>Veps\u00e4 Jari <strong>264,509p<\/strong> (77,5+95=<strong>172,5kg<\/strong> bw 55,9) Rovanemi 21.1.1990\u00a0<\/li>\n<li>Kotilainen Tero\u00a0 <strong>262.292p<\/strong>\u00a0 (95+125=<strong>220kg<\/strong> bw 84,26)\u00a0 Kalajoki 14.4.2018<\/li>\n<li>Saari Risto\u00a0<strong> 261,711p<\/strong>\u00a0 (85+109=<strong>194kg<\/strong> bw 68,7)\u00a0 Helsinki 9.5.2015<\/li>\n<li>Turunen Raimo\u00a0 <strong>261,682p\u00a0<\/strong> (110+130=<strong>240kg<\/strong> bw 105,7)\u00a0 Tampere, 14.12.1991<\/li>\n<li>Pakkanen Joonas\u00a0 <strong>259,041<\/strong>\u00a0 (100+125=<strong>225kg<\/strong> bw 91)\u00a0 Kerava 2.11.2019<\/li>\n<\/ol>\n<p><strong>Naiset TOP-Ranking<\/strong><\/p>\n<ol>\n<li>Ylisoini Janette <strong>284.758<\/strong> (104+129=<strong>233kg<\/strong> bw 71.3) Kerava 29.3.2025<\/li>\n<li>Sederholm Katariina\u00a0 <strong>230,006p<\/strong>\u00a0 (90+120=<strong>210kg<\/strong> bw 91,3)\u00a0 Sevilla 29.6.1997<\/li>\n<li>Ven\u00e4l\u00e4inen Sanna\u00a0 <strong>228,491p<\/strong>\u00a0 (75+101=<strong>176 kg<\/strong> bw 64)\u00a0 Kerava 11.12.2019<\/li>\n<li>Vestman Katariina\u00a0 <strong>226,767p<\/strong>\u00a0 (74+95=<strong>169kg<\/strong> bw 62,1)\u00a0 Tencin, Slovakia 4.10.2005<\/li>\n<li>Julkunen Tiina\u00a0 <strong>222,584p<\/strong>\u00a0 (72,5+85=<strong>157,5kg<\/strong> bw 57,7)\u00a0 Laukaa 9.3.2002<\/li>\n<li>Alafrantti P\u00e4ivi\u00a0 <strong>219,082p<\/strong>\u00a0 (85+108,5=<strong>192,5kg<\/strong> bw 83,2kg)\u00a0 Loimaa 10.12.1991<\/li>\n<li>Malinen Tuija\u00a0 <strong>213,103p<\/strong>\u00a0 (70+83=<strong>152,5kg<\/strong> bw 58,6)\u00a0 Kerava 3.2.1996<\/li>\n<li>Lumme Terhi\u00a0 <strong>202,651p<\/strong>\u00a0 (77+93=<strong>170kg<\/strong> bw 74,9)\u00a0 Kerava 2.11.2019<\/li>\n<li>Moisio Ida\u00a0 <strong>197,332p<\/strong>\u00a0 (65+79=<strong>144kg<\/strong> bw 58,7)\u00a0 Eilat, israel 9.12.2019<\/li>\n<li>Uusitalo Henna <strong>\u00a0181,601p<\/strong>\u00a0 (70+88=<strong>158kg<\/strong> bw 81,05)\u00a0 Kuusankoski 20.8.2017<\/li>\n<li>Hassinen Riitta\u00a0 <strong>180,347p<\/strong>\u00a0 (55+70=<strong>125kg<\/strong> bw 56,12)\u00a0 Lahti 17.5.2015<\/li>\n<li>Nevalainen Elli-Noora\u00a0 <strong>176,088p<\/strong>\u00a0 (58+77=<strong>135kg<\/strong> bw 63,5)\u00a0 Kerava 1.4.2020<\/li>\n<li>Pitk\u00e4nen Jenny\u00a0 <strong>173,120p<\/strong>\u00a0 (56+75=<strong>131kg<\/strong> bw 62,15)\u00a0 Kerava 8.12.2018<\/li>\n<li>Gustafsson Jaana\u00a0 <strong>172,396p<\/strong>\u00a0 (60+70=<strong>130kg<\/strong> bw 63,2)\u00a0 Helsinki\u00a0<\/li>\n<li>J\u00e4\u00e4skel\u00e4inen Anni\u00a0 <strong>171,691p<\/strong>\u00a0 (61+81=<strong>142kg<\/strong> bw 72,8)\u00a0 Kerava 8.12.2018<\/li>\n<li>Pisto Sanni\u00a0 <strong>168,652p <\/strong>\u00a0(57+68=<strong>125kg<\/strong> bw 61,6)\u00a0 Kerava 22.10.2016<\/li>\n<li>Sillman Titta\u00a0 <strong>165,445p <\/strong>\u00a0(56+68=<strong>124kg <\/strong>bw 62,15)\u00a0 Kerava 8.12.2018<\/li>\n<li>Liiva Poppy <strong>157,223p<\/strong> (48+59=<strong>107kg<\/strong> bw 53.05) Kerava 29.3.2025<\/li>\n<li>Riihel\u00e4inen Emilia\u00a0 <strong>151,96p<\/strong>\u00a0 (55+75=<strong>130kg<\/strong>\u00a0 bw 78,61)\u00a0 Kerava 28.6.2014<\/li>\n<li>Blom Jaana\u00a0 <strong>151,28p<\/strong>\u00a0 (42+62=<strong>104kg<\/strong> bw 53,8)\u00a0 Helsinki 4.4.2019<\/li>\n<li>Heikkinen Nina\u00a0 <strong>149.858p<\/strong>\u00a0 (55+72=<strong>127kg<\/strong> bw 76,5)\u00a0 Helsinki 2.5.2019<\/li>\n<li>Puranen Anne\u00a0 <strong>144,428p<\/strong>\u00a0 (50+67,5=<strong>117,5kg<\/strong> bw 71,5)\u00a0 Kerava 31.1.2004<\/li>\n<li>P\u00e4rn\u00e4 Kaisu\u00a0 <strong>139.94p<\/strong>\u00a0 (51+67=<strong>118kg<\/strong> bw 75,7)\u00a0 Kerava 11.6.2017<\/li>\n<li>Katajisto Alina\u00a0 <strong>138.494p<\/strong>\u00a0 (42+55=<strong>97kg<\/strong> bw 55,24)\u00a0 Kerava 10.3.2018<\/li>\n<li>Snellman Sonja <strong>136.215p<\/strong> (44+65=<strong>109kg<\/strong> bw 68.4) Kerava 10.5.2025<\/li>\n<li>Tolppanen Pihla\u00a0 <strong>126.722p<\/strong>\u00a0 (49+60=<strong>109kg<\/strong> bw 60,9)\u00a0 Kerava 10.4.2019<\/li>\n<li>Lehtonen Viivi\u00a0 <strong>123.62p<\/strong>\u00a0 (46+60=<strong>106kg<\/strong> bw 78,45)\u00a0 Kerava 8.12.2018<\/li>\n<li>P\u00f6yri Saara\u00a0 <strong>122.716p<\/strong>\u00a0 (40+58=<strong>98kg<\/strong> bw 57,1)\u00a0 Kerava 27.5.2017<\/li>\n<li>Uimonen Maria <strong>111.295<\/strong> (45+60=<strong>105kg<\/strong> bw 101.6) Kerava 4.1.2025<\/li>\n<li>Junttu Kristiina\u00a0 <strong>108.364p<\/strong>\u00a0 (41+53=<strong>94kg<\/strong> bw 80,5)\u00a0 Budapest, Unkari 19.6.2018<\/li>\n<li>Putkuri Hanna\u00a0 <strong>105.082p<\/strong>\u00a0 (28+44=<strong>72kg<\/strong> bw 53,55)\u00a0 Kerava 8.12.2018<\/li>\n<li>Paavola Heta\u00a0 <strong>104.736p<\/strong>\u00a0 (35+35=<strong>80kg<\/strong> bw 64,45)\u00a0 Kerava 25.4.2015<\/li>\n<li>Schroderus Tanja\u00a0 <strong>97.6324p<\/strong>\u00a0 (32+46=<strong>78kg<\/strong> bw 68,2)\u00a0 Kerava 2.12.2017<\/li>\n<li>Rontu Amanda\u00a0 <strong>94,5156p<\/strong>\u00a0 (19+26=<strong>45kg<\/strong> bw 37,24)\u00a0 Lohja 4.9.2016<\/li>\n<li>Mustonen Silja\u00a0 <strong>85.8053p<\/strong>\u00a0 (30+40=<strong>70kg<\/strong> bw 71,85)\u00a0 Kerava 25.4.2015<\/li>\n<li>Floor Kukka\u00a0 <strong>85.5098p<\/strong>\u00a0 (27+40=<strong>67kg<\/strong> bw 67,1)\u00a0 Kerava 19.11.2016<\/li>\n<li>Horjamo Olivia\u00a0 <strong>74.1301p<\/strong>\u00a0 (17+30=<strong>47kg<\/strong> bw 50,2)\u00a0 Kerava 4.10.2016<\/li>\n<li>Svensk Anna\u00a0 <strong>65.3734p<\/strong>\u00a0 (17+25=<strong>42kg<\/strong> bw 51,0)\u00a0 Kerava 4.10.2016<\/li>\n<li>Latunen Miia\u00a0 <strong>62.9838p<\/strong>\u00a0 (15+25=<strong>40kg<\/strong> bw 50,3)\u00a0 Kerava 4.10.2016<\/li>\n<li>Taavitsainen Emilia <strong>54.3945p<\/strong>\u00a0 (17+23=<strong>40kg<\/strong> bw 60,9)\u00a0 Kerava 4.10.2016<\/li>\n<\/ol>\n\n\n<p><\/p>\n","protected":false},"excerpt":{"rendered":"<p>T\u00e4m\u00e4 on Bodonos-ranking painonnoston Sinclair-pisteiden perusteella p\u00e4\u00e4osin vuodesta 1988 alkaen. T\u00e4t\u00e4 ennenkin bodonoslaiset ovat tehneet<\/p>\n","protected":false},"author":1,"featured_media":0,"parent":2,"menu_order":2,"comment_status":"closed","ping_status":"closed","template":"","meta":{"footnotes":""},"class_list":["post-2252","page","type-page","status-publish","hentry","comments-off"],"_links":{"self":[{"href":"https:\/\/www.bodonos.fi\/voimailu\/wp-json\/wp\/v2\/pages\/2252","targetHints":{"allow":["GET"]}}],"collection":[{"href":"https:\/\/www.bodonos.fi\/voimailu\/wp-json\/wp\/v2\/pages"}],"about":[{"href":"https:\/\/www.bodonos.fi\/voimailu\/wp-json\/wp\/v2\/types\/page"}],"author":[{"embeddable":true,"href":"https:\/\/www.bodonos.fi\/voimailu\/wp-json\/wp\/v2\/users\/1"}],"replies":[{"embeddable":true,"href":"https:\/\/www.bodonos.fi\/voimailu\/wp-json\/wp\/v2\/comments?post=2252"}],"version-history":[{"count":78,"href":"https:\/\/www.bodonos.fi\/voimailu\/wp-json\/wp\/v2\/pages\/2252\/revisions"}],"predecessor-version":[{"id":6363,"href":"https:\/\/www.bodonos.fi\/voimailu\/wp-json\/wp\/v2\/pages\/2252\/revisions\/6363"}],"up":[{"embeddable":true,"href":"https:\/\/www.bodonos.fi\/voimailu\/wp-json\/wp\/v2\/pages\/2"}],"wp:attachment":[{"href":"https:\/\/www.bodonos.fi\/voimailu\/wp-json\/wp\/v2\/media?parent=2252"}],"curies":[{"name":"wp","href":"https:\/\/api.w.org\/{rel}","templated":true}]}}