{"id":2598,"date":"2016-11-06T20:27:11","date_gmt":"2016-11-06T18:27:11","guid":{"rendered":"http:\/\/www.bodonos.fi\/voimailu\/?page_id=2598"},"modified":"2025-01-28T20:57:16","modified_gmt":"2025-01-28T18:57:16","slug":"city-voimailusali","status":"publish","type":"page","link":"https:\/\/www.bodonos.fi\/voimailu\/mukaan-toimintaan\/city-voimailusali\/","title":{"rendered":"City-voimailusali"},"content":{"rendered":"<p><iframe style=\"border: 0;\" src=\"https:\/\/www.google.com\/maps\/embed?pb=!1m18!1m12!1m3!1d1970.5207003757203!2d25.098204016394195!3d60.40359393146686!2m3!1f0!2f0!3f0!3m2!1i1024!2i768!4f13.1!3m3!1m2!1s0x4692007e36d2a8d9%3A0xbd3127e6b7ff50af!2sKauppakaari+11%2C+04200+Kerava!5e0!3m2!1sfi!2sfi!4v1449341302962\" width=\"800\" height=\"400\" frameborder=\"0\" allowfullscreen=\"allowfullscreen\"><\/iframe><\/p>\n<p>Bodonoksen voimailujaoston harjoitussalina toimii <strong>City-voimailusali<\/strong>. Salilla on kattava m\u00e4\u00e4r\u00e4 painonnoston ja voimanoston v\u00e4lineist\u00f6\u00e4. Harjoitussalin omistaa Keravan kaupunki.<\/p>\n<p>Harjoittelu City-salilla edellytt\u00e4\u00e4 Keravan uimahallilta tai Sampolan asiointipisteelt\u00e4 ostettavan kulkukortin. Hinnastot l\u00f6ytyv\u00e4t <a href=\"https:\/\/www.kerava.fi\/kulttuuri-ja-vapaa-aika\/liikunta\/sisaliikuntapaikat\/\">Keravan kaupungin sivuilta<\/a>. Voimailuseura Bodonoksen j\u00e4senet ovat oikeutettuja seura-alennettuun vuosikorttiin.<\/p>\n<p><strong>1.1.2025 alkaen voimassa oleva hinnasto:<\/strong><\/p>\n<ul>\n<li><strong>Aikuisten vuosikortin seurahinta<\/strong>:<strong> 282,00\u20ac <\/strong>(Huom! seuran j\u00e4senten tiedot p\u00e4ivittyv\u00e4t kaksi kertaa vuodessa helmikuussa ja syyskuussa Keravan Kaupungin palvelukeskukseen.)<\/li>\n<li>Kertamaksu: 5,50\u20ac<\/li>\n<li>10 x kortti: 50,00\u20ac<\/li>\n<li>6 kk kortti: 187,00\u20ac<\/li>\n<li>Vuosikortti: 332,00\u20ac<\/li>\n<\/ul>\n<p><strong>1.1.2025 alkaen voimassa oleva erityisryhmien hinnasto (el\u00e4kel\u00e4iset, ty\u00f6tt\u00f6m\u00e4t, opiskelijat, varusmies, siviilipalvelu, erityisryhm\u00e4t)<\/strong>:<\/p>\n<ul>\n<li>Kertamaksu: 3,20\u20ac<\/li>\n<li>10 x kortti: 26,00\u20ac<\/li>\n<li>6 kk kortti: 114,00\u20ac<\/li>\n<li>Vuosikortti: 187,00\u20ac<\/li>\n<\/ul>\n<p><strong>City-voimailusali:<\/strong><br \/>\nKauppakaari 11<br \/>\n04200 Kerava<\/p>\n<p>Sali sijaitsee kaupungin talon alakerrassa. K\u00e4ynti kaupungintalon taka-osasta parkkitalon puolelta.<\/p>\n<p><strong>Sampolan asiointipiste:<\/strong><br \/>\nKultasep\u00e4nkatu 7<br \/>\n04250 Kerava<\/p>\n<p><strong>Keravan uimahalli:<\/strong><br \/>\n<span class=\"is-block\">Tuusulantie 45<\/span><br \/>\n04200 Kerava<\/p>\n","protected":false},"excerpt":{"rendered":"<p>Bodonoksen voimailujaoston harjoitussalina toimii City-voimailusali. Salilla on kattava m\u00e4\u00e4r\u00e4 painonnoston ja voimanoston v\u00e4lineist\u00f6\u00e4. Harjoitussalin omistaa<\/p>\n","protected":false},"author":1,"featured_media":0,"parent":511,"menu_order":0,"comment_status":"closed","ping_status":"closed","template":"","meta":{"footnotes":""},"class_list":["post-2598","page","type-page","status-publish","hentry","comments-off"],"_links":{"self":[{"href":"https:\/\/www.bodonos.fi\/voimailu\/wp-json\/wp\/v2\/pages\/2598","targetHints":{"allow":["GET"]}}],"collection":[{"href":"https:\/\/www.bodonos.fi\/voimailu\/wp-json\/wp\/v2\/pages"}],"about":[{"href":"https:\/\/www.bodonos.fi\/voimailu\/wp-json\/wp\/v2\/types\/page"}],"author":[{"embeddable":true,"href":"https:\/\/www.bodonos.fi\/voimailu\/wp-json\/wp\/v2\/users\/1"}],"replies":[{"embeddable":true,"href":"https:\/\/www.bodonos.fi\/voimailu\/wp-json\/wp\/v2\/comments?post=2598"}],"version-history":[{"count":17,"href":"https:\/\/www.bodonos.fi\/voimailu\/wp-json\/wp\/v2\/pages\/2598\/revisions"}],"predecessor-version":[{"id":6225,"href":"https:\/\/www.bodonos.fi\/voimailu\/wp-json\/wp\/v2\/pages\/2598\/revisions\/6225"}],"up":[{"embeddable":true,"href":"https:\/\/www.bodonos.fi\/voimailu\/wp-json\/wp\/v2\/pages\/511"}],"wp:attachment":[{"href":"https:\/\/www.bodonos.fi\/voimailu\/wp-json\/wp\/v2\/media?parent=2598"}],"curies":[{"name":"wp","href":"https:\/\/api.w.org\/{rel}","templated":true}]}}