{"id":3447,"date":"2017-12-21T22:00:18","date_gmt":"2017-12-21T20:00:18","guid":{"rendered":"http:\/\/www.bodonos.fi\/voimailu\/?page_id=3447"},"modified":"2025-01-11T23:18:35","modified_gmt":"2025-01-11T21:18:35","slug":"paatokset-ja-poytakirjat","status":"publish","type":"page","link":"https:\/\/www.bodonos.fi\/voimailu\/paatokset-ja-poytakirjat\/","title":{"rendered":"P\u00e4\u00e4t\u00f6kset ja p\u00f6yt\u00e4kirjat"},"content":{"rendered":"<p>Vuoden 2018 alusta alkaen Bonoksen voimailujaoston kokousten p\u00f6yt\u00e4kirjat ovat julkisia. Haluamme t\u00e4ll\u00e4 tavoin varmistaa avoimen tiedonkulun p\u00e4\u00e4t\u00f6ksenteosta. T\u00e4lle sivulle ker\u00e4t\u00e4\u00e4n kokousten p\u00f6yt\u00e4kirjat.<\/p>\n<p>Johtokunnan kokoukset 2024<\/p>\n<ul>\n<li><a href=\"https:\/\/www.bodonos.fi\/voimailu\/wp-content\/uploads\/2025\/01\/Bodonos-Johtokunnan-kokous-poytakirja-21.8.2024.pdf\">Bodonos Johtokunnan kokous p\u00f6yt\u00e4kirja 21.8.2024<\/a><\/li>\n<li><a href=\"https:\/\/www.bodonos.fi\/voimailu\/wp-content\/uploads\/2025\/01\/Bodonos-Johtokunnan-kokous-11.12.2024.pdf\">Bodonos Johtokunnan kokous 11.12.2024<\/a><\/li>\n<\/ul>\n<p>Kev\u00e4tkokous 20.3.2019<\/p>\n<ul>\n<li><a href=\"https:\/\/www.bodonos.fi\/voimailu\/wp-content\/uploads\/2019\/03\/Voimailuseura-Bodonos-voimailujaoston-toimintasuunnitlma-2019-p\u00e4ivitetty-2019-02-25.pdf\">Toimintasuunnitelma 2019<\/a><\/li>\n<li><a href=\"https:\/\/www.bodonos.fi\/voimailu\/wp-content\/uploads\/2019\/03\/Toimintakertomus-2018-Voimailujaosto-Voimailuseura-Bodonos.pdf\">Toimintakertomus 2018<\/a><\/li>\n<li><a href=\"https:\/\/www.bodonos.fi\/voimailu\/wp-content\/uploads\/2019\/03\/J\u00e4sentyyyv\u00e4isyyskysely-2018-Voimailujaosto-Voimailuseura-Bodonos.pdf\">Seuratyytyv\u00e4isyyskysely 2018<\/a><\/li>\n<li><a href=\"https:\/\/www.bodonos.fi\/voimailu\/wp-content\/uploads\/2018\/10\/Liite2-Seuratoimintasopimus-Voimailuseura-Bodonos-ry-2019-alkaen.pdf\">Seuratoimintasopimus 1.1.2019 alkaen<\/a><\/li>\n<\/ul>\n<p>Voimailujaoston kokous 21.10.2018<\/p>\n<ul>\n<li><a href=\"https:\/\/www.bodonos.fi\/voimailu\/wp-content\/uploads\/2018\/10\/Voimailujaoston-kokous-2018-10-21-p\u00f6yt\u00e4kirja.pdf\">P\u00f6yt\u00e4kirja 21.10.2018<\/a><\/li>\n<li><a href=\"https:\/\/www.bodonos.fi\/voimailu\/wp-content\/uploads\/2018\/10\/Liite1-Voimailuseura-Bodonos-voimailujaoston-toimintasuunnitelma-2019-luonnos.pdf\">Liite1: Voimailujaoston toimintasuunnittelma 2019 &#8211; luonnos<\/a><\/li>\n<li><a href=\"https:\/\/www.bodonos.fi\/voimailu\/wp-content\/uploads\/2018\/10\/Liite2-Seuratoimintasopimus-Voimailuseura-Bodonos-ry-2019-alkaen.pdf\">Liite2: Seuratoimintasopimus 2019<\/a><\/li>\n<\/ul>\n<p>Voimailujaoston kokous 18.2.2018<\/p>\n<ul>\n<li><a href=\"https:\/\/www.bodonos.fi\/voimailu\/wp-content\/uploads\/2018\/02\/Voimailujaoston-kokous-2018-02-18-p\u00f6yt\u00e4kirja.pdf\">P\u00f6yt\u00e4kirja 18.2.2018<\/a><\/li>\n<\/ul>\n<p>Voimailujaoston kokous 21.12.2017<\/p>\n<ul>\n<li><a href=\"https:\/\/www.bodonos.fi\/voimailu\/wp-content\/uploads\/2017\/12\/Voimailujaoston-kokous-2017-12-21-p\u00f6yt\u00e4kirja.pdf\">P\u00f6yt\u00e4kirja 21.12.2017<\/a><\/li>\n<li><a href=\"https:\/\/www.bodonos.fi\/voimailu\/wp-content\/uploads\/2017\/12\/Voimailujaoston-toimintakertomus-2017-Voimailuseura-Bodonos.pdf\">Liite1: Voimailujaoston toimintakertomus 2017<\/a><\/li>\n<li><a href=\"https:\/\/www.bodonos.fi\/voimailu\/wp-content\/uploads\/2017\/12\/Voimailujaoston-j\u00e4sentyytyv\u00e4yisyyskyselyn-tulokset-2017-Voimailuseura-Bodonos.pdf\">Liite2: J\u00e4sentyytyv\u00e4isyyskyselyn tulokset 2017<\/a><\/li>\n<\/ul>\n","protected":false},"excerpt":{"rendered":"<p>Vuoden 2018 alusta alkaen Bonoksen voimailujaoston kokousten p\u00f6yt\u00e4kirjat ovat julkisia. Haluamme t\u00e4ll\u00e4 tavoin varmistaa avoimen<\/p>\n","protected":false},"author":1,"featured_media":0,"parent":0,"menu_order":0,"comment_status":"closed","ping_status":"closed","template":"","meta":{"footnotes":""},"class_list":["post-3447","page","type-page","status-publish","hentry","comments-off"],"_links":{"self":[{"href":"https:\/\/www.bodonos.fi\/voimailu\/wp-json\/wp\/v2\/pages\/3447","targetHints":{"allow":["GET"]}}],"collection":[{"href":"https:\/\/www.bodonos.fi\/voimailu\/wp-json\/wp\/v2\/pages"}],"about":[{"href":"https:\/\/www.bodonos.fi\/voimailu\/wp-json\/wp\/v2\/types\/page"}],"author":[{"embeddable":true,"href":"https:\/\/www.bodonos.fi\/voimailu\/wp-json\/wp\/v2\/users\/1"}],"replies":[{"embeddable":true,"href":"https:\/\/www.bodonos.fi\/voimailu\/wp-json\/wp\/v2\/comments?post=3447"}],"version-history":[{"count":10,"href":"https:\/\/www.bodonos.fi\/voimailu\/wp-json\/wp\/v2\/pages\/3447\/revisions"}],"predecessor-version":[{"id":6210,"href":"https:\/\/www.bodonos.fi\/voimailu\/wp-json\/wp\/v2\/pages\/3447\/revisions\/6210"}],"wp:attachment":[{"href":"https:\/\/www.bodonos.fi\/voimailu\/wp-json\/wp\/v2\/media?parent=3447"}],"curies":[{"name":"wp","href":"https:\/\/api.w.org\/{rel}","templated":true}]}}