{"id":436,"date":"2011-11-27T18:33:40","date_gmt":"2011-11-27T16:33:40","guid":{"rendered":"http:\/\/www.bodonos.fi\/voimailu\/?page_id=436"},"modified":"2025-12-17T08:48:15","modified_gmt":"2025-12-17T06:48:15","slug":"jasenhakemus","status":"publish","type":"page","link":"https:\/\/www.bodonos.fi\/voimailu\/mukaan-toimintaan\/jasenhakemus\/","title":{"rendered":"J\u00e4senmaksu"},"content":{"rendered":"<p>Bodonoksen j\u00e4senin\u00e4 on kilpaurheilijoita, punttikoululaisia ja kuntoilijoita. Voimailuseura Bodonos on sitoutunut puhtaaseen urheiluun ja edellytt\u00e4\u00e4 kaikilta j\u00e4senilt\u00e4\u00e4n <a href=\"https:\/\/www.bodonos.fi\/voimailu\/wp-content\/uploads\/2021\/01\/Seuratoimintasopimus-Voimailuseura-Bodonos-ry-2021-alkaen.pdf\">Seuratoimintasopimuksen<\/a> hyv\u00e4ksymisen.<\/p>\n<p><strong>Voimailuseura Bodonos ry:n j\u00e4senrekisteri hoidetaan Suomisport-palvelussan.<\/strong><\/p>\n<p>Suomisport on Suomen Olympiakomitean yll\u00e4pit\u00e4m\u00e4 koko liikunta- ja\u00a0<strong>urheiluyhteis\u00f6n yhteinen<\/strong>\u00a0digitaalinen palvelu, joka helpottaa liikkujien, seurojen ja liittojen arkea.\u00a0Palvelun kautta voit hallinnoida\u00a0<strong>omaa, lastesi tai seurasi\u00a0<\/strong><strong>sporttiarkea suoraan<\/strong>\u00a0yhdest\u00e4 palvelusta Sporttitililt\u00e4 ja mobiilisovelluksella.<\/p>\n<p>Voimailujaostolla on 2 j\u00e4senluokkaa:<\/p>\n<p>1.\u00a0\u00a0\u00a0\u00a0\u00a0\u00a0Urheilijoiden j\u00e4senmaksu (50\u20ac)<\/p>\n<p>2.\u00a0\u00a0\u00a0\u00a0\u00a0\u00a0Kannatusj\u00e4senet (10-50 \u20ac)<\/p>\n<p>Pyyd\u00e4mme sinua luomaan suomisport.fi-sivustolle (<a href=\"https:\/\/info.suomisport.fi\/\" target=\"_blank\" rel=\"noreferrer noopener\">https:\/\/info.suomisport.fi\/<\/a>) tunnukset ja vastaamaan valitsemasi j\u00e4senluokan liittymiskutsuun. Hyv\u00e4ksynn\u00e4n j\u00e4lkeen j\u00e4senyytesi n\u00e4kyy suomisport-palvelussa.<\/p>\n<p>Palvelussa voit ostaa my\u00f6s lajiliittojen lisenssej\u00e4 sek\u00e4 tehd\u00e4 mahdollisia ilmoittautumisia kilpailuihin ja muihin tapahtumiin. Palvelussa voi my\u00f6s maksaa tulevan kauden (2026) j\u00e4senmaksun, kun sen aika on.<\/p>\n<p><strong>Uusia j\u00e4seni\u00e4 pyyd\u00e4mme ottamaan yhteytt\u00e4 s\u00e4hk\u00f6postilla painonnosto.bodonos@gmail.com<\/strong><\/p>\n<p>Avainkortteja ja p\u00e4\u00e4sylippuja City-salille myyd\u00e4\u00e4n Keravan kaupungin asiointipisteess\u00e4, ensimm\u00e4isess\u00e4 kerroksessa (Kultasep\u00e4nkatu 7) ja Keravan Uimahallilta.<\/p>\n<p>Hy\u00f6dyt j\u00e4senyydest\u00e4:<\/p>\n<ul>\n<li><strong>J\u00e4senmaksu urheilijoille 50\u20ac:<\/strong> Voimailuseura Bodonos ry:n voimailujaoston j\u00e4senmaksu vuodelle 2026 urheilijaj\u00e4senille. J\u00e4senmaksu oikeuttaa seura-alennukseen <a href=\"https:\/\/www.bodonos.fi\/voimailu\/?page_id=2598\">City-salin vuosikortista<\/a>, mahdollisuuden edustaa seuraa SPNL:n ja SVNL:n kilpailuissa sek\u00e4 ilmaisen osallistumisen seuran j\u00e4rjest\u00e4miin kansallisiin ja j\u00e4sentenv\u00e4lisiin kilpailuihin. Huom! seuran j\u00e4sen tiedot p\u00e4ivittyv\u00e4t kaksi kertaa vuodessa (helmikuu ja syyskuu) Keravan Kaupungin palvelukeskukseen.<\/li>\n<li><strong>J\u00e4senmaksu kannatusj\u00e4senille 10\u20ac, 25\u20ac tai 50\u20ac:<\/strong> Voimailuseura Bodonos ry:n voimailujaoston j\u00e4senmaksu vuodelle 2026 kannatusj\u00e4senille valittavissa oman tunnon mukaan 10, 25 tai 50\u20ac. \u00a0J\u00e4senmaksu oikeuttaa seura-alennukseen <a href=\"https:\/\/www.bodonos.fi\/voimailu\/?page_id=2598\">City-salin vuosikortista.<\/a>\u00a0Kannatusj\u00e4sell\u00e4 ei ole oikeutta edustaa Bodonosta urheilijana kilpailutoiminnassa.<\/li>\n<li><strong>Aikuisten tai lasten ja nuorten punttikoulumaksu &#8211;<\/strong> Ilmoitetaan erikseen jokaiselle punttikoululle.<\/li>\n<\/ul>\n<h4><strong>J\u00e4senmaksut maksetaan <a href=\"https:\/\/info.suomisport.fi\">Suomisport-palvelussa<\/a>\u00a0<\/strong><\/h4>\n<p><a href=\"https:\/\/info.suomisport.fi\">Suomisport (j\u00e4senmaksut ja kilpailumaksut)<\/a><a href=\"http:\/\/www.bodonos.fi\/punttikoulu\/\"><br \/>\n<\/a><a href=\"https:\/\/www.bodonos.fi\/voimailu\/wp-content\/uploads\/2021\/01\/Seuratoimintasopimus-Voimailuseura-Bodonos-ry-2021-alkaen.pdf\">Seuratoimintasopimus<\/a><\/p>\n","protected":false},"excerpt":{"rendered":"<p>Bodonoksen j\u00e4senin\u00e4 on kilpaurheilijoita, punttikoululaisia ja kuntoilijoita. Voimailuseura Bodonos on sitoutunut puhtaaseen urheiluun ja edellytt\u00e4\u00e4<\/p>\n","protected":false},"author":1,"featured_media":0,"parent":511,"menu_order":0,"comment_status":"closed","ping_status":"closed","template":"","meta":{"footnotes":""},"class_list":["post-436","page","type-page","status-publish","hentry","comments-off"],"_links":{"self":[{"href":"https:\/\/www.bodonos.fi\/voimailu\/wp-json\/wp\/v2\/pages\/436","targetHints":{"allow":["GET"]}}],"collection":[{"href":"https:\/\/www.bodonos.fi\/voimailu\/wp-json\/wp\/v2\/pages"}],"about":[{"href":"https:\/\/www.bodonos.fi\/voimailu\/wp-json\/wp\/v2\/types\/page"}],"author":[{"embeddable":true,"href":"https:\/\/www.bodonos.fi\/voimailu\/wp-json\/wp\/v2\/users\/1"}],"replies":[{"embeddable":true,"href":"https:\/\/www.bodonos.fi\/voimailu\/wp-json\/wp\/v2\/comments?post=436"}],"version-history":[{"count":108,"href":"https:\/\/www.bodonos.fi\/voimailu\/wp-json\/wp\/v2\/pages\/436\/revisions"}],"predecessor-version":[{"id":6613,"href":"https:\/\/www.bodonos.fi\/voimailu\/wp-json\/wp\/v2\/pages\/436\/revisions\/6613"}],"up":[{"embeddable":true,"href":"https:\/\/www.bodonos.fi\/voimailu\/wp-json\/wp\/v2\/pages\/511"}],"wp:attachment":[{"href":"https:\/\/www.bodonos.fi\/voimailu\/wp-json\/wp\/v2\/media?parent=436"}],"curies":[{"name":"wp","href":"https:\/\/api.w.org\/{rel}","templated":true}]}}