{"id":5,"date":"2011-04-03T12:16:08","date_gmt":"2011-04-03T12:16:08","guid":{"rendered":"http:\/\/www.bodonos.fi\/voimailu\/?page_id=5"},"modified":"2025-12-06T02:51:51","modified_gmt":"2025-12-06T00:51:51","slug":"saavutuksia","status":"publish","type":"page","link":"https:\/\/www.bodonos.fi\/voimailu\/esimerkkisivu\/saavutuksia\/","title":{"rendered":"Saavutuksia"},"content":{"rendered":"<p><a href=\"https:\/\/www.bodonos.fi\/voimailu\/wp-content\/uploads\/2011\/04\/Bodonos_palkintoja.jpg\"><img fetchpriority=\"high\" decoding=\"async\" class=\"aligncenter size-full wp-image-526\" title=\"Bodonos_palkintoja\" src=\"https:\/\/www.bodonos.fi\/voimailu\/wp-content\/uploads\/2011\/04\/Bodonos_palkintoja.jpg\" alt=\"\" width=\"550\" height=\"225\" srcset=\"https:\/\/www.bodonos.fi\/voimailu\/wp-content\/uploads\/2011\/04\/Bodonos_palkintoja.jpg 550w, https:\/\/www.bodonos.fi\/voimailu\/wp-content\/uploads\/2011\/04\/Bodonos_palkintoja-300x122.jpg 300w\" sizes=\"(max-width: 550px) 100vw, 550px\" \/><\/a><\/p>\n<p>Valtaosa urheilijoiden saavutuksista kuuluu <strong>Painonnoston<\/strong> piiriin,\u00a0 painonnosto-sanaa ei niiss\u00e4 yleens\u00e4 ole merkittyn\u00e4. <strong>Voimanoston<\/strong> piiriin kuuluviin saavutuksiin on merkitty my\u00f6s voimanoston laji.\u00a0<\/p>\n<p><strong>Ahonen Tero<\/strong>:<\/p>\n<ul>\n<li>2006-23v.-SM-pronssi<\/li>\n<\/ul>\n<p><strong>Blom Jaana:<\/strong><\/p>\n<ul>\n<li>2019-Masters SM-kulta 102 kg N35SE (39 N35SE+63 N35SE)<\/li>\n<\/ul>\n<p><strong>Er\u00e4puro Kaapro<\/strong>:<\/p>\n<ul>\n<li>2011-Pojat 17v. SM-4.sija<\/li>\n<\/ul>\n<p><strong>Haatanen Yrj\u00f6<\/strong>:<\/p>\n<ul>\n<li>Voimanostossa: 4 MM-hopeaa, 3 MM-pronssia, 4 EM-kultaa, 3 EM-hopeaa, ik\u00e4miesten 1 MM-kulta; Painonnostossa: ik\u00e4miesten 6 MM-kultaa, Masters 5 EM-kultaa, 2 PM-kultaa, 8 SM-kultaa, 26 maaottelua, Painonnostoliiton my\u00f6nt\u00e4m\u00e4 kultainen ansiomerkki 2009<\/li>\n<\/ul>\n<p><strong>Hakala Ismo<\/strong>:<\/p>\n<ul>\n<li>2010, 2014-Masters SM-kulta<\/li>\n<\/ul>\n<p><strong>Hernesniemi Jussi<\/strong>:<\/p>\n<ul>\n<li>2005-PM-hopea<\/li>\n<li>2005-SM-hopea<\/li>\n<li>2004, 2001-23v.-2 SM-hopeaa<\/li>\n<li>2001-20v.-SM-hopea<\/li>\n<li>2000-Seurajoukkue SM-hopea<\/li>\n<li>2004-Seurajoukkue SM-pronssi<\/li>\n<\/ul>\n<p><strong>Holopainen Teemu<\/strong>:<\/p>\n<ul>\n<li>2018-Masters SM-pronssi<\/li>\n<\/ul>\n<p><strong>Hursti Matti<\/strong>:<\/p>\n<ul>\n<li>2012-Masters SM-kulta<\/li>\n<\/ul>\n<p><strong>Hyyti\u00e4inen Ari<\/strong>:<\/p>\n<ul>\n<li>2018-Masters SM-5.sija<\/li>\n<\/ul>\n<p><strong style=\"font-size: inherit;\">Julkunen Tiina<\/strong><span style=\"font-size: inherit;\">:<\/span><\/p>\n<ul>\n<li><span style=\"font-size: inherit;\">2001-20v.-EM-8.sija<\/span><\/li>\n<li><span style=\"font-size: inherit;\">2001-PM-hopea<\/span><\/li>\n<li><span style=\"font-size: inherit;\">2000-SM-kulta<\/span><\/li>\n<li><span style=\"font-size: inherit;\">1998-17v.-SM-kulta<\/span><\/li>\n<\/ul>\n<p><strong>Junttu Kristiina<\/strong>:<\/p>\n<ul>\n<li>2018-Masters SM-hopea<\/li>\n<li>2018-Masters EM-4.sija<\/li>\n<li>2019-Masters SM-kulta 83 kg N50SE (35 N50SE+48 N50SE)<\/li>\n<\/ul>\n<p><strong>J\u00e4\u00e4skel\u00e4inen Anni<\/strong>:<\/p>\n<ul>\n<li>2017, 2018-Masters SM-hopea<\/li>\n<li>2017-Masters EM-4.sija<\/li>\n<li>2018-N35-76kg-sarjan ty\u00f6nt\u00f6 81 kg N35SE<\/li>\n<li>2019-N40-76kg-sarjan ty\u00f6nt\u00f6 76 kg N40SE<\/li>\n<li>2019-Masters SM-kulta<\/li>\n<\/ul>\n<p><strong style=\"font-size: inherit;\">Kasanen Heikki<\/strong><span style=\"font-size: inherit;\">:<\/span><\/p>\n<ul>\n<li><span style=\"font-size: inherit;\">Lukuisia Masters MM- ja EM-mitaleita sek\u00e4 SM-voittoja, kilpailu-vuosia 50 vuoteen 2018 menness\u00e4, kilpailuja yli 300 vuoteen 2018 menness\u00e4, Masters SM-hopea 2019<\/span><\/li>\n<li>2021-Masters SM-pronssi<\/li>\n<li>2025 Masters SM-hopea<\/li>\n<\/ul>\n<p><strong>Kosonen Jyrki<\/strong>:<\/p>\n<ul>\n<li>2017-Masters SM-pronssi<\/li>\n<li>2018-Masters SM-hopea<\/li>\n<li>2016-Voimanosto Masters SM-kulta<\/li>\n<\/ul>\n<p><strong>Kohtam\u00e4ki Timo:<\/strong><\/p>\n<ul>\n<li>2023 Masters SM-hopea, EM-hopea ja MM-hopea<\/li>\n<li>2024 Masters SM-kulta<\/li>\n<li>2025 Masters SM-kulta<\/li>\n<li>2025 Masters EM-pronssi<\/li>\n<\/ul>\n<p><strong>Kotilainen Tero<\/strong>:<\/p>\n<ul>\n<li>2018-Masters SM-hopea, Masters MM-15.sija<\/li>\n<\/ul>\n<p><strong>Kruth Oskari<\/strong>:<\/p>\n<ul>\n<li>2011-23v.-SM-pronssi, Opiskelijat SM-6.sija<\/li>\n<\/ul>\n<p><strong>Kukkonen Juha<\/strong>:<\/p>\n<ul>\n<li>Yhteens\u00e4 25 SM-mitalia, 6 Etel\u00e4-Suomen l\u00e4\u00e4ninmestaruutta<\/li>\n<li>2005-Pohjoismaiden mestaruuskilpailut pronssi<\/li>\n<li>2008, 2009-SM-kulta<\/li>\n<li>2004, 2005, 2013-SM-hopea<\/li>\n<li>2000, 2010-SM-pronssi<\/li>\n<li>1994-Seurajoukkue SM-kulta<\/li>\n<li>1999, 2001, 2003, 2004-Seurajoukkue SM-pronssi<\/li>\n<li>2014,2016-Masters SM-kulta<\/li>\n<li>2014-Masters MM-hopea 2014<\/li>\n<li>2016-Masters MM-pronssi<\/li>\n<\/ul>\n<p><strong>Kyyr\u00f6 Mikko<\/strong>:<\/p>\n<ul>\n<li>2015-Masters MM-hopea<\/li>\n<\/ul>\n<p><strong>Kyyr\u00f6 Perttu<\/strong>:<\/p>\n<ul>\n<li>2000-17v.-SM-kulta<\/li>\n<li>2000, 2003-20v.-PM-4. sija, 20v.-SM-kulta<\/li>\n<li>2005-23v.-SM-kulta<\/li>\n<\/ul>\n<p><strong>Lampinen Max<\/strong>:<\/p>\n<ul>\n<li>2019-18v.-Klassinen penkkipunnerrus SM-pronssi<\/li>\n<li>2020-18v.-Klassinen voimanosto SM-hopea<\/li>\n<li>2020-18v.-Klassinen penkkipunnerrus SM-hopea<\/li>\n<\/ul>\n<p><strong>Lampinen Mico<\/strong>:<\/p>\n<ul>\n<li>2019-14v.-Klassinen penkkipunnerrus SM-kulta<\/li>\n<li>2020-14v.-Klassinen voimanosto SM-kulta<\/li>\n<li>2020-14v.-Klassinen penkkipunnerrus SM-kulta<\/li>\n<\/ul>\n<p><strong>Lappalainen Mauri<\/strong>:<\/p>\n<ul>\n<li>2010, 2011, 2012, 2013, 2014-Masters SM-hopea<\/li>\n<li>2015-Masters SM-kulta<\/li>\n<\/ul>\n<p><strong>Lehtonen Viivi<\/strong>:<\/p>\n<ul>\n<li>2016-Junior Cup-4.sija<\/li>\n<li>2016-Peruskoululaisten mestaruus-5.sija<\/li>\n<li>2017-Peruskoululaisten mestaruus-pronssi<\/li>\n<li>2018-Peruskoululaisten mestaruus-4.sija<\/li>\n<\/ul>\n<p><strong>Liimatainen Markku<\/strong>:<\/p>\n<ul>\n<li>2011, 2016, 2017-Masters SM-kulta<\/li>\n<li>2014-Masters SM-hopea, 2010-Masters SM-pronssi<\/li>\n<li>2016-Bodonoksen kunniapuheenjohtajan arvo<\/li>\n<li>2024 Masters SM-hopea<\/li>\n<\/ul>\n<p><strong>Liiva Poppy:<\/strong><\/p>\n<ul>\n<li>2025 15- ja 17-vuotiaiden SM-kilpailut SM-pronssi<\/li>\n<\/ul>\n<p><strong>Lindberg Lauri:<\/strong><\/p>\n<ul>\n<li>2023 Voimanosto Nuorten MM pronssi\u00a0<\/li>\n<li>2024 Voimanosto Nuorten SM hopea\u00a0<\/li>\n<\/ul>\n<p><strong>Lindqvist Jasper<\/strong>:<\/p>\n<ul>\n<li>2017-17v.-SM-hopea<\/li>\n<\/ul>\n<p><strong>Lumme Terhi<\/strong>:<\/p>\n<ul>\n<li>2017-SM-5.sija<\/li>\n<li>2018-SM-pronssi<\/li>\n<li>2020-SM-hopea<\/li>\n<li>2020-N35-76 kg sarja 160 kg N35SE (72 N35SE + 88 N35SE)<\/li>\n<li>2020-Masters-N35-76kg sarjan EM-4.sija<\/li>\n<\/ul>\n<p><strong>Malin Jari<\/strong>:<\/p>\n<ul>\n<li>2013,2014-Masters SM-kulta<\/li>\n<li>2017-Masters SM-hopea<\/li>\n<li>2015-Masters SM-pronssi<\/li>\n<li>2014-Masters EM-4.sija<\/li>\n<\/ul>\n<p><strong>Masalin Valto<\/strong>:<\/p>\n<ul>\n<li>2010,2011-Masters MM-kulta<\/li>\n<li>2011,2012-Masters EM-kulta<\/li>\n<li>2007-Masters EM-hopea<\/li>\n<li>2007-Masters MM-4. sija<\/li>\n<li>2011-Masters SM-kulta<\/li>\n<li>2011-Painonnostoliiton valinta vuoden Masters-nostajaksi<\/li>\n<\/ul>\n<p><strong>Minkkinen Ilpo<\/strong>:<\/p>\n<ul>\n<li>2010, 2012, 2015, 2016-Masters SM-kulta<\/li>\n<li>2013, 2014, 2017, 2018-Masters SM-hopea<\/li>\n<li>2015-Masters EM-4.sija<\/li>\n<li>2019-Masters SM-kulta<\/li>\n<li>2019-Masters EM-kulta 167 kg M65SE (75 M65SE+92 M65SE)<\/li>\n<li>2021-Masters SM-kulta<\/li>\n<\/ul>\n<p><strong>Moisio Ida<\/strong>:<\/p>\n<ul>\n<li>2019-Peruskoululaisten mestaruus-kulta<\/li>\n<li>2019-Painonnoston 15v.-59 kg-sarjan SM-kulta 124 kg N15SE (57 N15\/N17SE+67 N15SE)<\/li>\n<li>2020-17v.-59 kg sarja SM-kulta<\/li>\n<li>2020-20v-SM-hopea ja 23v-SM-hopea painonnostossa<\/li>\n<li>2020-17v 59kg sarjan Pohjoismaiden mestaruus-kulta<\/li>\n<\/ul>\n<p><strong>M\u00e4lki\u00e4 Sampo<\/strong>:<\/p>\n<ul>\n<li>2016-Masters SM-kulta<\/li>\n<li>2017-Masters SM-pronssi<\/li>\n<li>2017-Klassinen voimanosto SM-4.sija<\/li>\n<li>2018-Klassinen voimanosto SM-7.sija<\/li>\n<\/ul>\n<p><strong>Nevalainen Elli-Noora<\/strong>:<\/p>\n<ul>\n<li>2017-20v-SM-4.sija<\/li>\n<li>2020-23v-SM-7.sija<\/li>\n<\/ul>\n<p><strong>Niiranen Antti<\/strong>:<\/p>\n<ul>\n<li>2014, 2015-SM-hopea<\/li>\n<li>2012-SM-pronssi<\/li>\n<li>2014-Masters MM-hopea<\/li>\n<\/ul>\n<p><strong>Niiranen Pekka<\/strong>:<\/p>\n<ul>\n<li>2005-20v.-SM-kulta<\/li>\n<li>2012-SM-5.sija<\/li>\n<\/ul>\n<p><strong>Parvikoski Pauli<\/strong>:<\/p>\n<ul>\n<li>2013-Masters SM-pronssi<\/li>\n<li>2014-Masters SM-kulta<\/li>\n<\/ul>\n<p><strong>Pietil\u00e4inen Miko<\/strong>:<\/p>\n<ul>\n<li>2016-Klassinen voimonosto 23v SM-4.sija<\/li>\n<\/ul>\n<p><strong>Priitsku Markku<\/strong>:<\/p>\n<ul>\n<li>2010, 2012-Masters SM-kulta<\/li>\n<\/ul>\n<p><strong>Pukkila Juha-Pekka<\/strong>:<\/p>\n<ul>\n<li>2000, 2003-SM-pronssi<\/li>\n<\/ul>\n<p><strong>Puranen Anne<\/strong>:<\/p>\n<ul>\n<li>2004-SM-kulta<\/li>\n<\/ul>\n<p><strong>Putkuri Hanna<\/strong>:<\/p>\n<ul>\n<li>2017-Masters SM-hopea<\/li>\n<li>2018-N40-55kg-sarjan 72 kg N40SE (28 N40SE + 44 N40SE)<\/li>\n<\/ul>\n<p><strong>P\u00e4rn\u00e4 Kaisu<\/strong>:<\/p>\n<ul>\n<li>2016-Masters EM-kulta<\/li>\n<li>2016-Masters SM-pronssi<\/li>\n<li>2017-Masters SM-hopea<\/li>\n<li>2017-Masters EM-4.sija<\/li>\n<\/ul>\n<p><strong>P\u00f6yri Saara<\/strong>:<\/p>\n<ul>\n<li>2017-Masters SM-hopea<\/li>\n<li>2017-Masters EM-hopea<\/li>\n<\/ul>\n<p><strong>Rahikainen Sampo<\/strong>:<\/p>\n<ul>\n<li>2017-Peruskoululaisten mestaruus-7.sija<\/li>\n<\/ul>\n<p><strong>Rainio Arto<\/strong>:<\/p>\n<p>Voimanosto<\/p>\n<ul>\n<li>SM-pronssi 1984, 1987 (s. 82,5kg)<\/li>\n<li>SM 4. sija 1988 (s. 82,5kg) 1992 (s. 90kg)<\/li>\n<li>Joukkue SM hopea 1982, 1983, 1990<\/li>\n<li>Joukkue SM 4. sija 1984<\/li>\n<li>Masters SM-kulta 1992 (s. 90kg)<\/li>\n<li>Masters PM-kulta 1992 (s. 90kg)<\/li>\n<li>Jalkakyykky Pohjoismaiden enn\u00e4tys 305kg<\/li>\n<li>2022 Masters SM-kulta<\/li>\n<li>2023 Masters SM-kulta<\/li>\n<li>2024 Masters SM-hopea<\/li>\n<li>2025 Masters SM-pronssi<\/li>\n<\/ul>\n<p>Painnonnosto<\/p>\n<ul>\n<li>2021-Masters SM-hopea<\/li>\n<li>2022 Masters SM-kulta<\/li>\n<li>2022 Masters EM-pronssi<\/li>\n<li>2023 Masters SM-kulta<\/li>\n<li>2023 Masters EM-kulta<\/li>\n<li>2023 Masters MM nelj\u00e4s sija<\/li>\n<li>2024 Masters SM-kulta<\/li>\n<li>2024 Masters EM-hopea<\/li>\n<li>2024 Masters MM-hopea<\/li>\n<li>2025 Masters SM-kulta<\/li>\n<li>2025 Masters EM-pronssi<\/li>\n<li>2025 Masters MM-pronssi<\/li>\n<li>2025 Tempaus SM-kulta<\/li>\n<li>2025 Ty\u00f6nt\u00f6 SM-kulta<\/li>\n<\/ul>\n<p><strong>Reponen Pekka<\/strong>:<\/p>\n<ul>\n<li>2003-PM-hopea<\/li>\n<li>2003-SM-kulta<\/li>\n<li>2001-SM-pronssi<\/li>\n<li>2000-Seurajoukkue SM-hopea<\/li>\n<\/ul>\n<p><strong>Riihel\u00e4inen Emilia<\/strong>:<\/p>\n<ul>\n<li>2013-SM-5.sija<\/li>\n<\/ul>\n<p><strong>Ritola Oskari<\/strong>:<\/p>\n<ul>\n<li>2011-Pojat 17v. SM-7.sija<\/li>\n<\/ul>\n<p><strong>Rontu Amanda<\/strong>:<\/p>\n<ul>\n<li>2016, 2017-Peruskoululaisten mestaruus-6.sija<\/li>\n<\/ul>\n<p><strong>Salmela Tero<\/strong>:<\/p>\n<ul>\n<li>2009-SM-6.sija<\/li>\n<\/ul>\n<p><strong>Salomaa Joni<\/strong>:<\/p>\n<ul>\n<li>2012-17v.-SM-hopea<\/li>\n<\/ul>\n<p><strong>Sepp\u00e4l\u00e4 Antti<\/strong>:<\/p>\n<ul>\n<li>2000, 2001-20v.-SM-pronssi<\/li>\n<li>2000-Seurajoukkue SM-hopea<\/li>\n<li>2001-Seurajoukkue SM-pronssi<\/li>\n<li>2000-Opiskelijat-SM-4.sija<\/li>\n<li>2001-23v.-SM-5.sija<\/li>\n<li>2003-23v.-SM-6.sija<\/li>\n<li>2017-Masters SM-hopea<\/li>\n<li>2017-Masters EM-pronssi<\/li>\n<\/ul>\n<p><strong>Sillman Titta<\/strong>:<\/p>\n<ul>\n<li>2018-Masters SM-kulta<\/li>\n<li>2018-Masters EM-pronssi<\/li>\n<\/ul>\n<p><strong>Suihkonen Tuomo<\/strong>:<\/p>\n<ul>\n<li>2012, 2013, 2014-Masters SM-pronssi<\/li>\n<li>2015-Masters SM-4.sija<\/li>\n<li>2016-Masters SM-6.sija<\/li>\n<li>2018-Masters SM-7.sija<\/li>\n<li>2019-Masters SM-ei tulosta<\/li>\n<li>2021-Masters SM-hopea<\/li>\n<li>2024 Grand Masters SM-hopea<\/li>\n<\/ul>\n<p><strong>Suihkonen Werneri<\/strong>:<\/p>\n<ul>\n<li>2014-17v.-SM-pronssi<\/li>\n<li>2014-Peruskoululaisten mestaruus-pronssi<\/li>\n<\/ul>\n<p><strong>Tahvanainen Keijo<\/strong>:<\/p>\n<ul>\n<li>1984-Los Angelesin Olympiakisat (ei tulosta), 1992-Barcelonan Olympiakisat 15.-sija,<\/li>\n<li>11 SM-kultaa<\/li>\n<li>2011, 2014, 2015-Masters SM-kulta<\/li>\n<li>2015-Masters MM-6.sija<\/li>\n<\/ul>\n<p><strong>Tolppanen Pihla<\/strong>:<\/p>\n<ul>\n<li>2017, 2018-Peruskoululaisten mestaruus-pronssi<\/li>\n<li>2018-17v.-SM-hopea<\/li>\n<li>2018-Juniori Cup-6.sija<\/li>\n<\/ul>\n<p><strong>Turunen Raimo<\/strong>:<\/p>\n<ul>\n<li>2012-Painonnostoliiton valinta vuoden seurahenkil\u00f6ksi<\/li>\n<li>2019-Painonnostoliiton vuoden tuomariaktiivisuuskilpailun voittaja<\/li>\n<li>2020-Pohjoismaisen painonnostoliiton (NTF) 2. luokan ansiomitali<\/li>\n<\/ul>\n<p><strong>Uusitalo Henna<\/strong>:<\/p>\n<ul>\n<li>2017-20v.-SM-hopea<\/li>\n<li>2017-23v.-SM-hopea<\/li>\n<\/ul>\n<p><strong>V\u00e4limaa Ari<\/strong>:<\/p>\n<ul>\n<li>SM-kultaa 1981, eri ik\u00e4luokissa ja joukkekisoissa 13 SM-kultaa, 32 SM-mitalia, PM-hopea 1981, Masters EM-kulta 2011, 2012, 2013, Masters MM-hopea 2009, 2010, 2012, Masters MM-pronssi 2011, 8 maaottelua, Masters SM-kulta 2013, 2014, Painonnostoliiton valinta vuoden Masters-nostajaksi 2012<\/li>\n<\/ul>\n<p><strong>Ylinen Tomi<\/strong>:<\/p>\n<ul>\n<li>2017-Masters SM-pronssi<\/li>\n<li>2021-Masters SM-hopea<\/li>\n<li>2024 Grand Masters painonnosto SM-pronssi<\/li>\n<\/ul>\n<p><strong>Ylisoini Janette<\/strong>:<\/p>\n<ul>\n<li>2017-Peruskoululaisten mestaruus 6. sija, tyt\u00f6t 40kg<\/li>\n<li>2017-Junior Cup 4. sija<\/li>\n<li>2018-N15v 55kg sarja 109kg N15SE (48 N15SE+61N15SE)<\/li>\n<li>2018-N15v 55kg sarja 110kg N15SE (49 N15SE+61)<\/li>\n<li>2018-Peruskoululaisten mestaruus-kulta, tyt\u00f6t 48kg<\/li>\n<li>2018-Etel\u00e4-Suomen aluemestaruuskilpailujen pronssi, N53kg<\/li>\n<li>2018-Juniori Cup-kulta<\/li>\n<li>2019-15v 55 kg sarja 114kg N15SE (50 N15SE+64N15SE)<\/li>\n<li>2019-15v 55kg sarja 118kg N15SE (53 N15SE+65)<\/li>\n<li>2019-15v 55kg sarja 131kg N15SE (58 N15SE+73 N15SE)<\/li>\n<li>2019-15v\/17v-55kg sarja 138kg N15SE\/N17SE (61 N15SE\/N17SE+77N15SE\/N17SE)<\/li>\n<li>2019-15v 55kg sarja 140kg N15SE\/N17SE\/N17PE (63 N15SE\/N17SE+77)<\/li>\n<li>2019-14v 57kg Klassinen voimanosto SM-kulta<\/li>\n<li>2019-14v 57kg Klassinen penkkipunnerrus SM-kulta<\/li>\n<li>2019-Peruskoululaisten mestaruus-kulta, tyt\u00f6t 55kg<\/li>\n<li>2019-15v 55 kg sarjan SM-kulta<\/li>\n<li>2019-17v 55 kg sarjan SM-kulta<\/li>\n<li>2019-17v 55kg sarjan Pohjoismaiden mestaruus<\/li>\n<li>2019-15v 55kg sarjan Euroopan mestaruuskilpailujen 11. sija<\/li>\n<li>2019-Etel\u00e4-Suomen aluemestaruuskilpailujen hopea, N55kg<\/li>\n<li>2019-Juniori Cup-kulta<\/li>\n<li>2020-14v 57kg Klassinen voimanosto SM-kulta<\/li>\n<li>2020-14v 57kg Klassinen penkkipunnerrus SM-kulta<\/li>\n<li>2020-Peruskoululaisten mestaruus-kulta, tyt\u00f6t 59kg<\/li>\n<li>2020-20v tempauksen ja ty\u00f6nn\u00f6n SM-kilpailujen tempauksen pronssi<\/li>\n<li>2020-20v tempauksen ja ty\u00f6nn\u00f6n SM-kilpailujen ty\u00f6nn\u00f6n hopea<\/li>\n<li>2020-15v 71kg sarjan SM-kulta<\/li>\n<li>2020-17v 71kg sarjan SM-hopea<\/li>\n<li>2020-20v 71kg sarjan SM-hopea<\/li>\n<li>2020-23v 71kg sarjan SM-hopea<\/li>\n<li>2020-18v voimanoston sarjan 72 kg \u00a0jk 127,5 kg N18SE + pp 65,0 kg + mn 130,0 kg N18SE = 322,5 kg N18SE<\/li>\n<li>2020-Juniori Cup 2020 SPNL:n 13-16v tytt\u00f6jen stipendi<\/li>\n<li>2020-17v 71kg sarjan Pohjoismaiden mestaruus-pronssi<\/li>\n<li>2021-Painonnoston tytt\u00f6jen 15v 64 kg sarja 164kg N15SE (74 + 90 N15SE)<\/li>\n<li>2021-Painonnoston tytt\u00f6jen 15v 71 kg sarja 164kg (74 T15SE + 90)<\/li>\n<li>2021-Painonnoston 64kg yleisen sarjan SM 4.<\/li>\n<li>2021-20v tempauksen ja ty\u00f6nn\u00f6n SM-kilpailujen tempauksen kulta<\/li>\n<li>2021-20v tempauksen ja ty\u00f6nn\u00f6n SM-kilpailujen ty\u00f6nn\u00f6n kulta<\/li>\n<li>2021-Painonnoston 15v 71kg sarjan SM-kulta<\/li>\n<li>2021-Painonnoston 17v 71kg sarjan SM-kulta<\/li>\n<li>2021-Painonnoston 20v 64kg sarjan SM-hopea<\/li>\n<li>2021-Painonnoston 23v 64kg sarjan SM-hopea<\/li>\n<li>2021-Painonnoston 15v 64kg sarjan kolme EM-hopeamitalia (tempaus, ty\u00f6nt\u00f6 ja yhteistulos)<\/li>\n<li>2023 Voimanoston EM-kulta<\/li>\n<li>2024 Voimanoston SM-kulta<\/li>\n<li>2025 R\u00f6nnin Tempauksen ja Ty\u00f6nn\u00f6n SM-kulta (tempauksesta ja ty\u00f6nn\u00f6st\u00e4)<\/li>\n<li>\u00a0<\/li>\n<\/ul>\n<p><strong>Ylisoini Jani<\/strong>:<\/p>\n<ul>\n<li>2013-Voimanoston Masters SM-hopea<\/li>\n<li>2013-Klassisen voimanoston Masters SM-hopea<\/li>\n<\/ul>\n<p><strong>Ylisoini Jukka<\/strong>:<\/p>\n<ul>\n<li>2017-Peruskoululaisten mestaruus 4.sija, pojat 85kg<\/li>\n<li>2017-14v 83kg Klassinen voimanosto SM-kulta<\/li>\n<li>2017-14v 93kg Klassinen penkkipunnerrus SM-pronssi<\/li>\n<li>2018-15v 85kg sarjan ty\u00f6nn\u00f6n SE 102 kg<\/li>\n<li>2018-Peruskoululaisten mestaruus-hopea, pojat 85kg<\/li>\n<li>2018-17v 85kg sarjan SM-kulta<\/li>\n<li>2018-Juniori Cup-pronssi<\/li>\n<li>2019-17v 102 kg sarjan SM-kulta<\/li>\n<li>2019-18v 105kg Klassisen voimanoston jalkakyykyn SE 182,50kg<\/li>\n<li>2019-18v 105kg Klassisen voimanoston maastavedon SE 185kg<\/li>\n<li>2019-18v 105kg Klassisen voimanoston yhteistuloksen SE 447,50kg<\/li>\n<li>2019-18v 105kg Klassinen voimanosto SM-kulta<\/li>\n<li>2019-18v 105kg Klassinen penkkipunnerrus SM-kulta<\/li>\n<li>2020-18v 120kg Klassisen voimanoston jalkakyykyn SE 226kg<\/li>\n<li>2020-18v 120kg Klassinen voimanosto SM-hopea<\/li>\n<li>2020-18v 120kg Klassinen penkkipunnerrus SM-hopea<\/li>\n<li>2020-18v 120kg Klassinen voimanosto, jalkakyykyn 235kg M18SE ja maastanoston 250kg M18SE<\/li>\n<\/ul>\n\n\n<p><\/p>\n","protected":false},"excerpt":{"rendered":"<p>Valtaosa urheilijoiden saavutuksista kuuluu Painonnoston piiriin,\u00a0 painonnosto-sanaa ei niiss\u00e4 yleens\u00e4 ole merkittyn\u00e4. Voimanoston piiriin kuuluviin<\/p>\n","protected":false},"author":1,"featured_media":0,"parent":2,"menu_order":1,"comment_status":"closed","ping_status":"open","template":"","meta":{"footnotes":""},"class_list":["post-5","page","type-page","status-publish","hentry","comments-off"],"_links":{"self":[{"href":"https:\/\/www.bodonos.fi\/voimailu\/wp-json\/wp\/v2\/pages\/5","targetHints":{"allow":["GET"]}}],"collection":[{"href":"https:\/\/www.bodonos.fi\/voimailu\/wp-json\/wp\/v2\/pages"}],"about":[{"href":"https:\/\/www.bodonos.fi\/voimailu\/wp-json\/wp\/v2\/types\/page"}],"author":[{"embeddable":true,"href":"https:\/\/www.bodonos.fi\/voimailu\/wp-json\/wp\/v2\/users\/1"}],"replies":[{"embeddable":true,"href":"https:\/\/www.bodonos.fi\/voimailu\/wp-json\/wp\/v2\/comments?post=5"}],"version-history":[{"count":136,"href":"https:\/\/www.bodonos.fi\/voimailu\/wp-json\/wp\/v2\/pages\/5\/revisions"}],"predecessor-version":[{"id":6594,"href":"https:\/\/www.bodonos.fi\/voimailu\/wp-json\/wp\/v2\/pages\/5\/revisions\/6594"}],"up":[{"embeddable":true,"href":"https:\/\/www.bodonos.fi\/voimailu\/wp-json\/wp\/v2\/pages\/2"}],"wp:attachment":[{"href":"https:\/\/www.bodonos.fi\/voimailu\/wp-json\/wp\/v2\/media?parent=5"}],"curies":[{"name":"wp","href":"https:\/\/api.w.org\/{rel}","templated":true}]}}