{"id":511,"date":"2011-11-28T19:17:14","date_gmt":"2011-11-28T17:17:14","guid":{"rendered":"http:\/\/www.bodonos.fi\/voimailu\/?page_id=511"},"modified":"2026-01-14T19:04:02","modified_gmt":"2026-01-14T17:04:02","slug":"mukaan-toimintaan","status":"publish","type":"page","link":"https:\/\/www.bodonos.fi\/voimailu\/mukaan-toimintaan\/","title":{"rendered":"Mukaan toimintaan"},"content":{"rendered":"<p><a href=\"https:\/\/www.bodonos.fi\/voimailu\/wp-content\/uploads\/2011\/11\/Bodonos_seura.jpg\"><img fetchpriority=\"high\" decoding=\"async\" class=\"aligncenter size-full wp-image-522\" title=\"Bodonos\" src=\"https:\/\/www.bodonos.fi\/voimailu\/wp-content\/uploads\/2011\/11\/Bodonos_seura.jpg\" alt=\"\" width=\"550\" height=\"207\" srcset=\"https:\/\/www.bodonos.fi\/voimailu\/wp-content\/uploads\/2011\/11\/Bodonos_seura.jpg 550w, https:\/\/www.bodonos.fi\/voimailu\/wp-content\/uploads\/2011\/11\/Bodonos_seura-300x112.jpg 300w\" sizes=\"(max-width: 550px) 100vw, 550px\" \/><\/a><\/p>\n<p>Bodonoksen j\u00e4senin\u00e4 on kilpaurheilijoita, punttikoululaisia ja kuntoilijoita. Voimailuseura Bodonos on sitoutunut puhtaaseen urheiluun ja edellytt\u00e4\u00e4 kaikilta j\u00e4senilt\u00e4\u00e4n <a href=\"https:\/\/www.bodonos.fi\/voimailu\/wp-content\/uploads\/2021\/01\/Seuratoimintasopimus-Voimailuseura-Bodonos-ry-2021-alkaen.pdf\">Seuratoimintasopimuksen<\/a> hyv\u00e4ksymisen. Uuden j\u00e4senen on my\u00f6s hyv\u00e4 lukea l\u00e4pi Bodonoksen <a href=\"https:\/\/www.bodonos.fi\/voimailu\/wp-content\/uploads\/2026\/01\/Bodonos-saannot.pdf\">sa\u0308a\u0308nno\u0308t.<\/a><\/p>\n<p>Voimailuseura Bodonos ry:n j\u00e4senrekisteri\u00e4 hoidetaan Suomisport-palvelussa.<\/p>\n<p>Suomisport on Suomen Olympiakomitean yll\u00e4pit\u00e4m\u00e4 koko liikunta- ja\u00a0<strong>urheiluyhteis\u00f6n yhteinen<\/strong>\u00a0digitaalinen palvelu, joka helpottaa liikkujien, seurojen ja liittojen arkea.\u00a0Palvelun kautta voit hallinnoida\u00a0<strong>omaa, lastesi tai seurasi\u00a0<\/strong><strong>sporttiarkea suoraan<\/strong>\u00a0yhdest\u00e4 palvelusta Sporttitililt\u00e4 ja mobiilisovelluksella.<\/p>\n<p>Voimailujaostolla on 2 j\u00e4senluokkaa:<\/p>\n<p>1.\u00a0 \u00a0 \u00a0 Urheilija j\u00e4sen (50\u20ac)<\/p>\n<p>2.\u00a0\u00a0\u00a0\u00a0\u00a0\u00a0Kannatusj\u00e4senet (10-50 \u20ac)<\/p>\n<p>Pyyd\u00e4mme sinua luomaan suomisport.fi-sivustolle (<a href=\"https:\/\/info.suomisport.fi\/\" target=\"_blank\" rel=\"noreferrer noopener\">https:\/\/info.suomisport.fi\/<\/a>) tunnukset ja vastaamaan valitsemasi j\u00e4senluokan liittymiskutsuun. Hyv\u00e4ksynn\u00e4n j\u00e4lkeen j\u00e4senyytesi n\u00e4kyy suomisport-palvelussa.<\/p>\n<p>Palvelussa voit ostaa my\u00f6s lajiliittojen lisenssej\u00e4 sek\u00e4 tehd\u00e4 mahdollisia ilmoittautumisia kilpailuihin ja muihin tapahtumiin. Palvelussa voi my\u00f6s maksaa tulevan kauden j\u00e4senmaksun, kun sen aika on.<\/p>\n<p>Alla suorat linkit valitsemaasi j\u00e4senluokan liittymiskutsuun:<\/p>\n<p>1.\u00a0\u00a0\u00a0\u00a0\u00a0\u00a0Urheilija j\u00e4sen: <a href=\"https:\/\/seurat.suomisport.fi\/invite\/25f6f377-c4fd-4483-9925-8ede49adc630\">https:\/\/seurat.suomisport.fi\/invite\/25f6f377-c4fd-4483-9925-8ede49adc630<\/a><\/p>\n<p>2.\u00a0\u00a0\u00a0\u00a0\u00a0\u00a0Kannatusj\u00e4sen: <a href=\"https:\/\/seurat.suomisport.fi\/invite\/ac0b7557-cda6-46df-9fd9-01b176c3a825\">https:\/\/seurat.suomisport.fi\/invite\/ac0b7557-cda6-46df-9fd9-01b176c3a825<\/a><\/p>\n<p>Avainkortteja ja p\u00e4\u00e4sylippuja City-salille myyd\u00e4\u00e4n Keravan kaupungin palvelukeskuksessa (Kultasep\u00e4nkatu 7).<\/p>\n<p>Hy\u00f6dyt j\u00e4senyydest\u00e4:<\/p>\n<ul>\n<li><strong>Urheilijoiden j\u00e4senmaksu 50\u20ac:<\/strong> Voimailuseura Bodonos ry:n voimailujaoston j\u00e4senmaksu vuodelle 2025 on 50\u20ac. J\u00e4senmaksu oikeuttaa seura-alennukseen <a href=\"https:\/\/www.bodonos.fi\/voimailu\/?page_id=2598\">City-salin vuosikortista<\/a>, mahdollisuuden edustaa seuraa SPNL:n ja SVNL:n kilpailuissa sek\u00e4 ilmaisen osallistumisen seuran j\u00e4rjest\u00e4miin kansallisiin ja j\u00e4sentenv\u00e4lisiin kilpailuihin.<\/li>\n<li><strong>Kannatusj\u00e4senmaksu 10\u20ac, 25\u20ac tai 50\u20ac:<\/strong> Voimailuseura Bodonos ry:n voimailujaoston kannatusj\u00e4senmaksu vuodelle 2025 on valittavissa oman tunnon mukaan 10, 25 tai 50\u20ac.\u00a0 Kannatusj\u00e4senmaksu ei oikeuta seura-alennukseen <a href=\"https:\/\/www.bodonos.fi\/voimailu\/?page_id=2598\">City-salin vuosikortista,<\/a> eik\u00e4 anna oikeutta edustaa Bodonosta urheilijana kilpailutoiminnassa.<\/li>\n<li><strong>Punttikoulumaksu (mainitaan erikseen):<\/strong>\u00a0Bodonoksen punttikoulun aloituskurssin maksu. Punttikoulu on alkeiskurssi painonnostoon.<\/li>\n<\/ul>\n<h4><strong>J\u00e4senmaksut ja valmennusmaksut maksetaan <a href=\"https:\/\/info.suomisport.fi\">Suomisport-palvelussa<\/a><\/strong><\/h4>\n<p><a href=\"https:\/\/info.suomisport.fi\">Suomisport (j\u00e4senmaksut, kilpailumaksut, valmennusmaksut)<\/a><br \/><a href=\"https:\/\/www.bodonos.fi\/voimailu\/wp-content\/uploads\/2021\/01\/Seuratoimintasopimus-Voimailuseura-Bodonos-ry-2021-alkaen.pdf\">Seuratoimintasopimus<\/a><\/p>\n\n\n<p><\/p>\n","protected":false},"excerpt":{"rendered":"<p>Bodonoksen j\u00e4senin\u00e4 on kilpaurheilijoita, punttikoululaisia ja kuntoilijoita. Voimailuseura Bodonos on sitoutunut puhtaaseen urheiluun ja edellytt\u00e4\u00e4<\/p>\n","protected":false},"author":1,"featured_media":0,"parent":0,"menu_order":0,"comment_status":"closed","ping_status":"closed","template":"","meta":{"footnotes":""},"class_list":["post-511","page","type-page","status-publish","hentry","comments-off"],"_links":{"self":[{"href":"https:\/\/www.bodonos.fi\/voimailu\/wp-json\/wp\/v2\/pages\/511","targetHints":{"allow":["GET"]}}],"collection":[{"href":"https:\/\/www.bodonos.fi\/voimailu\/wp-json\/wp\/v2\/pages"}],"about":[{"href":"https:\/\/www.bodonos.fi\/voimailu\/wp-json\/wp\/v2\/types\/page"}],"author":[{"embeddable":true,"href":"https:\/\/www.bodonos.fi\/voimailu\/wp-json\/wp\/v2\/users\/1"}],"replies":[{"embeddable":true,"href":"https:\/\/www.bodonos.fi\/voimailu\/wp-json\/wp\/v2\/comments?post=511"}],"version-history":[{"count":61,"href":"https:\/\/www.bodonos.fi\/voimailu\/wp-json\/wp\/v2\/pages\/511\/revisions"}],"predecessor-version":[{"id":6640,"href":"https:\/\/www.bodonos.fi\/voimailu\/wp-json\/wp\/v2\/pages\/511\/revisions\/6640"}],"wp:attachment":[{"href":"https:\/\/www.bodonos.fi\/voimailu\/wp-json\/wp\/v2\/media?parent=511"}],"curies":[{"name":"wp","href":"https:\/\/api.w.org\/{rel}","templated":true}]}}